{"id":10588,"date":"2023-06-09T22:37:11","date_gmt":"2023-06-09T22:37:11","guid":{"rendered":"https:\/\/fundraising-hopital-libanais.com\/testwebsite\/emodialisi\/"},"modified":"2023-08-02T20:34:34","modified_gmt":"2023-08-02T20:34:34","slug":"emodialisi","status":"publish","type":"page","link":"https:\/\/fundraising-hopital-libanais.com\/it\/emodialisi\/","title":{"rendered":"Emodialisi"},"content":{"rendered":"\n<figure class=\"wp-block-gallery alignwide has-nested-images columns-default is-cropped wp-block-gallery-1 is-layout-flex\">\n<figure class=\"wp-block-image size-large\"><img decoding=\"async\" loading=\"lazy\" width=\"1024\" height=\"576\" data-id=\"10023\"  src=\"https:\/\/fundraising-hopital-libanais.com\/testwebsite\/wp-content\/uploads\/2023\/07\/q1-1024x576.jpg\" alt=\"\" class=\"wp-image-10023\" srcset=\"https:\/\/fundraising-hopital-libanais.com\/wp-content\/uploads\/2023\/07\/q1-1024x576.jpg 1024w, https:\/\/fundraising-hopital-libanais.com\/wp-content\/uploads\/2023\/07\/q1-300x169.jpg 300w, https:\/\/fundraising-hopital-libanais.com\/wp-content\/uploads\/2023\/07\/q1-768x432.jpg 768w, https:\/\/fundraising-hopital-libanais.com\/wp-content\/uploads\/2023\/07\/q1-600x338.jpg 600w, https:\/\/fundraising-hopital-libanais.com\/wp-content\/uploads\/2023\/07\/q1.jpg 1280w\" sizes=\"(max-width: 1024px) 100vw, 1024px\" \/><\/figure>\n\n\n\n<figure class=\"wp-block-image size-large\"><img decoding=\"async\" loading=\"lazy\" width=\"1024\" height=\"576\" data-id=\"10029\"  src=\"https:\/\/fundraising-hopital-libanais.com\/testwebsite\/wp-content\/uploads\/2023\/07\/q3-1024x576.jpg\" alt=\"\" class=\"wp-image-10029\" srcset=\"https:\/\/fundraising-hopital-libanais.com\/wp-content\/uploads\/2023\/07\/q3-1024x576.jpg 1024w, https:\/\/fundraising-hopital-libanais.com\/wp-content\/uploads\/2023\/07\/q3-300x169.jpg 300w, https:\/\/fundraising-hopital-libanais.com\/wp-content\/uploads\/2023\/07\/q3-768x432.jpg 768w, https:\/\/fundraising-hopital-libanais.com\/wp-content\/uploads\/2023\/07\/q3-600x338.jpg 600w, https:\/\/fundraising-hopital-libanais.com\/wp-content\/uploads\/2023\/07\/q3.jpg 1280w\" sizes=\"(max-width: 1024px) 100vw, 1024px\" \/><\/figure>\n\n\n\n<figure class=\"wp-block-image size-large\"><img decoding=\"async\" loading=\"lazy\" width=\"1024\" height=\"576\" data-id=\"10026\"  src=\"https:\/\/fundraising-hopital-libanais.com\/testwebsite\/wp-content\/uploads\/2023\/07\/q2-1024x576.jpg\" alt=\"\" class=\"wp-image-10026\" srcset=\"https:\/\/fundraising-hopital-libanais.com\/wp-content\/uploads\/2023\/07\/q2-1024x576.jpg 1024w, https:\/\/fundraising-hopital-libanais.com\/wp-content\/uploads\/2023\/07\/q2-300x169.jpg 300w, https:\/\/fundraising-hopital-libanais.com\/wp-content\/uploads\/2023\/07\/q2-768x432.jpg 768w, https:\/\/fundraising-hopital-libanais.com\/wp-content\/uploads\/2023\/07\/q2-600x338.jpg 600w, https:\/\/fundraising-hopital-libanais.com\/wp-content\/uploads\/2023\/07\/q2.jpg 1280w\" sizes=\"(max-width: 1024px) 100vw, 1024px\" \/><\/figure>\n<\/figure>\n\n<p><br\/><br\/>Il nostro ospedale libanese Geitaoui ha anche quello che attualmente \u00e8 il pi\u00f9 grande centro di dialisi, diretto dal dottor Robert NAJEM, presidente della Societ\u00e0 araba di nefrologia e trapianto di reni, in tutta Beirut. Inaugurata come prima stazione di dialisi in Libano nel 1969, tratta pi\u00f9 di 80 pazienti affetti da insufficienza renale acuta che ogni mese dipendono dal nostro aiuto.<\/p>\n\n<p>Con l&#8217;accesso all&#8217;assistenza sanitaria fortemente limitato per la maggior parte della popolazione libanese e l&#8217;impossibilit\u00e0 di pagare le spese ospedaliere, i pazienti in dialisi e le loro famiglie sono frustrati, ansiosi, stanchi e preoccupati per la loro sopravvivenza.<\/p>\n\n<p>I pazienti che dipendono dalla dialisi permanente sono anche molto limitati nella loro libert\u00e0 e qualit\u00e0 di vita. Dipendono da chi li assiste e subiscono gravi disagi nella vita professionale, coniugale, familiare e sociale. Ci\u00f2 comporta una riduzione o una perdita di reddito finanziario con conseguenze fisiche, psicologiche, socio-economiche e ambientali e un peggioramento della qualit\u00e0 della vita.<\/p>\n\n<p>Poich\u00e9 il nostro ospedale \u00e8 ancora uno dei pochi grandi ospedali universitari di Beirut che continua a fornire servizi sanitari a questi pazienti in linea con la sua missione e i suoi valori, questo impegno ha un costo insostenibile per il nostro ospedale.<\/p>\n\n<p>Vista la nostra situazione finanziaria, le nostre risorse limitate e senza alcun sostegno da parte del governo, chiediamo aiuto a nome di questi pazienti, perch\u00e9 la nostra stazione di dialisi \u00e8 vitale per questi circa 80 pazienti. Finch\u00e9 la situazione economica e finanziaria del Libano non migliorer\u00e0, questi pazienti dipenderanno dal vostro aiuto.<\/p>\n\n<p>Speriamo e crediamo che con il vostro aiuto potremo continuare la nostra missione di 54 anni nel campo dell&#8217;emodialisi per i pazienti libanesi.<\/p>\n\n<p><\/p>\n\n<p class=\"has-medium-font-size\"><em>&#8220;Chi non fa nulla per gli altri, non fa nulla per se stesso&#8221;. &#8211; Johann Wolfgang von Goethe<\/em><\/p>\n\n<p><\/p>\n\n<figure class=\"wp-block-embed is-type-video is-provider-youtube wp-block-embed-youtube wp-embed-aspect-16-9 wp-has-aspect-ratio\"><div class=\"wp-block-embed__wrapper\">\n<iframe loading=\"lazy\" title=\"H\u00e4modialyse Lebanese Hospital Geitaoui Beirut\" width=\"1170\" height=\"658\" src=\"https:\/\/www.youtube.com\/embed\/jjPsWWQSI2o?feature=oembed\" frameborder=\"0\" allow=\"accelerometer; autoplay; clipboard-write; encrypted-media; gyroscope; picture-in-picture; web-share\" allowfullscreen><\/iframe>\n<\/div><\/figure>\n\n<p><\/p>\n","protected":false},"excerpt":{"rendered":"<p>Il nostro ospedale libanese Geitaoui ha anche quello che attualmente \u00e8 il pi\u00f9 grande centro di dialisi, diretto dal dottor Robert NAJEM, presidente della Societ\u00e0 araba di nefrologia e trapianto di reni, in tutta Beirut. Inaugurata come prima stazione di dialisi in Libano nel 1969, tratta pi\u00f9 di 80 pazienti affetti da insufficienza renale acuta [&hellip;]<\/p>\n","protected":false},"author":1,"featured_media":0,"parent":0,"menu_order":0,"comment_status":"closed","ping_status":"closed","template":"","meta":[],"_links":{"self":[{"href":"https:\/\/fundraising-hopital-libanais.com\/it\/wp-json\/wp\/v2\/pages\/10588"}],"collection":[{"href":"https:\/\/fundraising-hopital-libanais.com\/it\/wp-json\/wp\/v2\/pages"}],"about":[{"href":"https:\/\/fundraising-hopital-libanais.com\/it\/wp-json\/wp\/v2\/types\/page"}],"author":[{"embeddable":true,"href":"https:\/\/fundraising-hopital-libanais.com\/it\/wp-json\/wp\/v2\/users\/1"}],"replies":[{"embeddable":true,"href":"https:\/\/fundraising-hopital-libanais.com\/it\/wp-json\/wp\/v2\/comments?post=10588"}],"version-history":[{"count":0,"href":"https:\/\/fundraising-hopital-libanais.com\/it\/wp-json\/wp\/v2\/pages\/10588\/revisions"}],"wp:attachment":[{"href":"https:\/\/fundraising-hopital-libanais.com\/it\/wp-json\/wp\/v2\/media?parent=10588"}],"curies":[{"name":"wp","href":"https:\/\/api.w.org\/{rel}","templated":true}]}}