{"id":10585,"date":"2023-06-09T22:30:50","date_gmt":"2023-06-09T22:30:50","guid":{"rendered":"https:\/\/fundraising-hopital-libanais.com\/testwebsite\/riabilitazione\/"},"modified":"2023-08-02T20:30:34","modified_gmt":"2023-08-02T20:30:34","slug":"riabilitazione","status":"publish","type":"page","link":"https:\/\/fundraising-hopital-libanais.com\/it\/riabilitazione\/","title":{"rendered":"Riabilitazione"},"content":{"rendered":"\n<p class=\"has-medium-font-size\"><em>&#8220;Non siamo responsabili solo di ci\u00f2 che facciamo, ma anche di ci\u00f2 che non facciamo<\/em>!&#8221;.<\/p>\n\n<p>La sostituzione delle apparecchiature mediche pi\u00f9 vecchie e l&#8217;acquisizione di nuove apparecchiature \u00e8 una parte importante della riabilitazione del nostro ospedale. In primo luogo, questo scambio ci garantisce un&#8217;assistenza migliore e pi\u00f9 rapida per i nostri pazienti e, in secondo luogo, ci permette di aprire i reparti di cui abbiamo urgente bisogno, come l&#8217;oncologia, la pediatria, il reparto maternit\u00e0 e l&#8217;unit\u00e0 di terapia intensiva per i neonati.<\/p>\n\n<p>Sostituendo i dispositivi medici, possiamo anche risparmiare un&#8217;enorme quantit\u00e0 di costi di manutenzione e di elettricit\u00e0, consentendo cos\u00ec a un maggior numero di pazienti di ricevere l&#8217;assistenza e le cure mediche di cui hanno urgentemente bisogno.<\/p>\n\n<p>L&#8217;aspetto pi\u00f9 importante della riabilitazione delle apparecchiature mediche \u00e8 la sostituzione della vecchia macchina per la risonanza magnetica con una nuova macchina per la risonanza magnetica 3T.<\/p>\n\n<p>Installata nel 2012, la nostra risonanza magnetica \u00e8 un&#8217;apparecchiatura estremamente importante per le nostre esigenze diagnostiche nel dipartimento di imaging medico e attualmente sta registrando un tasso di guasti estremamente elevato, che continua ad aumentare ogni anno. La sostituzione era inizialmente prevista per il 2019, ma \u00e8 stata ripetutamente rinviata a causa della crisi. Attualmente, questa macchina genera costi di manutenzione significativi e crescenti, da un lato a causa dell&#8217;elevato costo dei pezzi di ricambio e dei frequenti guasti, ma dall&#8217;altro anche a causa dei suoi notevoli requisiti di manutenzione.<\/p>\n\n<p>I tempi di inattivit\u00e0 delle apparecchiature comportano alti costi di opportunit\u00e0 per l&#8217;ospedale e uno svantaggio nella qualit\u00e0 dell&#8217;assistenza ai pazienti, poich\u00e9 il tasso di utilizzo della risonanza magnetica \u00e8 superiore al 95% in tempi normali. Va inoltre notato che l&#8217;apparecchiatura \u00e8 stata gravemente danneggiata dall&#8217;esplosione e ha richiesto riparazioni approfondite per essere rimessa in servizio. La sostituzione di questo dispositivo \u00e8 quindi diventata una priorit\u00e0 per l&#8217;ospedale, in quanto migliorer\u00e0 le prestazioni diagnostiche, ridurr\u00e0 i costi di manutenzione e aprir\u00e0 in modo significativo la possibilit\u00e0 di nuovi tipi di interventi.  <\/p>\n\n<p>Coloro che ci permetteranno di farlo hanno un impatto significativo sulla vita dei nostri pazienti.<\/p>\n","protected":false},"excerpt":{"rendered":"<p>&#8220;Non siamo responsabili solo di ci\u00f2 che facciamo, ma anche di ci\u00f2 che non facciamo!&#8221;. La sostituzione delle apparecchiature mediche pi\u00f9 vecchie e l&#8217;acquisizione di nuove apparecchiature \u00e8 una parte importante della riabilitazione del nostro ospedale. In primo luogo, questo scambio ci garantisce un&#8217;assistenza migliore e pi\u00f9 rapida per i nostri pazienti e, in secondo [&hellip;]<\/p>\n","protected":false},"author":1,"featured_media":0,"parent":0,"menu_order":0,"comment_status":"closed","ping_status":"closed","template":"","meta":[],"_links":{"self":[{"href":"https:\/\/fundraising-hopital-libanais.com\/it\/wp-json\/wp\/v2\/pages\/10585"}],"collection":[{"href":"https:\/\/fundraising-hopital-libanais.com\/it\/wp-json\/wp\/v2\/pages"}],"about":[{"href":"https:\/\/fundraising-hopital-libanais.com\/it\/wp-json\/wp\/v2\/types\/page"}],"author":[{"embeddable":true,"href":"https:\/\/fundraising-hopital-libanais.com\/it\/wp-json\/wp\/v2\/users\/1"}],"replies":[{"embeddable":true,"href":"https:\/\/fundraising-hopital-libanais.com\/it\/wp-json\/wp\/v2\/comments?post=10585"}],"version-history":[{"count":0,"href":"https:\/\/fundraising-hopital-libanais.com\/it\/wp-json\/wp\/v2\/pages\/10585\/revisions"}],"wp:attachment":[{"href":"https:\/\/fundraising-hopital-libanais.com\/it\/wp-json\/wp\/v2\/media?parent=10585"}],"curies":[{"name":"wp","href":"https:\/\/api.w.org\/{rel}","templated":true}]}}