{"id":10582,"date":"2023-06-09T22:31:50","date_gmt":"2023-06-09T22:31:50","guid":{"rendered":"https:\/\/fundraising-hopital-libanais.com\/testwebsite\/rinnovare\/"},"modified":"2023-08-02T20:22:51","modified_gmt":"2023-08-02T20:22:51","slug":"rinnovare","status":"publish","type":"page","link":"https:\/\/fundraising-hopital-libanais.com\/it\/rinnovare\/","title":{"rendered":"Rinnovare"},"content":{"rendered":"\n<p><\/p>\n\n<figure class=\"wp-block-gallery alignwide has-nested-images columns-default is-cropped wp-block-gallery-1 is-layout-flex\">\n<figure class=\"wp-block-image size-large\"><img decoding=\"async\" loading=\"lazy\" width=\"768\" height=\"1024\" data-id=\"9973\"  src=\"https:\/\/fundraising-hopital-libanais.com\/testwebsite\/wp-content\/uploads\/2023\/07\/pic-1-768x1024.jpg\" alt=\"\" class=\"wp-image-9973\" srcset=\"https:\/\/fundraising-hopital-libanais.com\/wp-content\/uploads\/2023\/07\/pic-1-768x1024.jpg 768w, https:\/\/fundraising-hopital-libanais.com\/wp-content\/uploads\/2023\/07\/pic-1-225x300.jpg 225w, https:\/\/fundraising-hopital-libanais.com\/wp-content\/uploads\/2023\/07\/pic-1-600x800.jpg 600w, https:\/\/fundraising-hopital-libanais.com\/wp-content\/uploads\/2023\/07\/pic-1.jpg 960w\" sizes=\"(max-width: 768px) 100vw, 768px\" \/><\/figure>\n\n\n\n<figure class=\"wp-block-image size-large\"><img decoding=\"async\" loading=\"lazy\" width=\"768\" height=\"1024\" data-id=\"9976\"  src=\"https:\/\/fundraising-hopital-libanais.com\/testwebsite\/wp-content\/uploads\/2023\/07\/pic-2-768x1024.jpg\" alt=\"\" class=\"wp-image-9976\" srcset=\"https:\/\/fundraising-hopital-libanais.com\/wp-content\/uploads\/2023\/07\/pic-2-768x1024.jpg 768w, https:\/\/fundraising-hopital-libanais.com\/wp-content\/uploads\/2023\/07\/pic-2-225x300.jpg 225w, https:\/\/fundraising-hopital-libanais.com\/wp-content\/uploads\/2023\/07\/pic-2-600x800.jpg 600w, https:\/\/fundraising-hopital-libanais.com\/wp-content\/uploads\/2023\/07\/pic-2.jpg 960w\" sizes=\"(max-width: 768px) 100vw, 768px\" \/><\/figure>\n\n\n\n<figure class=\"wp-block-image size-large\"><img decoding=\"async\" loading=\"lazy\" width=\"768\" height=\"1024\" data-id=\"9979\"  src=\"https:\/\/fundraising-hopital-libanais.com\/testwebsite\/wp-content\/uploads\/2023\/07\/pic-3-768x1024.jpg\" alt=\"\" class=\"wp-image-9979\" srcset=\"https:\/\/fundraising-hopital-libanais.com\/wp-content\/uploads\/2023\/07\/pic-3-768x1024.jpg 768w, https:\/\/fundraising-hopital-libanais.com\/wp-content\/uploads\/2023\/07\/pic-3-225x300.jpg 225w, https:\/\/fundraising-hopital-libanais.com\/wp-content\/uploads\/2023\/07\/pic-3-600x800.jpg 600w, https:\/\/fundraising-hopital-libanais.com\/wp-content\/uploads\/2023\/07\/pic-3.jpg 960w\" sizes=\"(max-width: 768px) 100vw, 768px\" \/><\/figure>\n<\/figure>\n\n<p><br\/><\/p>\n\n<p>Durante l&#8217;esplosione del 4 agosto 2020, il nostro ospedale libanese Geitoui \u00e8 stato gravemente danneggiato, con una massiccia distruzione di edifici, attrezzature e infrastrutture.<\/p>\n\n<p>La precedente ristrutturazione dell&#8217;ospedale, che ammontava a un importo elevato a 8 cifre, \u00e8 stata possibile solo grazie al generoso aiuto di donatori e amici, soprattutto perch\u00e9 l&#8217;insolvenza del settore dall&#8217;ottobre 2019 non ha pi\u00f9 permesso di accedere ai prestiti delle banche libanesi. Grazie a queste donazioni, abbiamo potuto realizzare i lavori di ristrutturazione pi\u00f9 necessari all&#8217;epoca.<\/p>\n\n<p>Tuttavia, per fornire ai nostri pazienti la migliore assistenza medica possibile e ai nostri quasi 110 studenti di medicina la migliore formazione possibile, \u00e8 di grande importanza e urgenza ristrutturare i reparti specialistici di oncologia, pediatria, il reparto di maternit\u00e0 e il reparto di terapia intensiva neonatale del nostro ospedale e il pi\u00f9 rapidamente possibile per poter riaprire. Va da s\u00e9 che questi dipartimenti sono di grande importanza per la comunit\u00e0 ospedaliera e per un ampio gruppo di pazienti interessati e che la loro presenza \u00e8 un elemento essenziale per fornire un&#8217;assistenza completa e olistica incentrata sul paziente.<\/p>\n\n<p>Per quanto riguarda i nostri studenti di medicina, \u00e8 necessario spiegare che la ristrutturazione e la riabilitazione dei dipartimenti attualmente chiusi \u00e8 essenziale. Solo cos\u00ec possiamo garantire che i nostri studenti ricevano la migliore istruzione possibile e non lascino il Paese dopo gli studi, ma possano continuare a sostenere il Libano con un&#8217;eccellente assistenza medica. Gli Ospedali di Geitaoui si concentrano su medici ben formati e istruiti, in un paese che ha una forte carenza di lavoratori qualificati, soprattutto nel campo della medicina\/sanit\u00e0\/assistenza. Questo \u00e8 l&#8217;unico modo per garantire che le infrastrutture e lo sviluppo di questo Paese abbiano la possibilit\u00e0 di stabilizzarsi.<\/p>\n\n<p class=\"has-medium-font-size\"><em>&#8220;Dimmi e dimenticher\u00f2. Mostratemi e forse mi ricorder\u00f2. Coinvolgetemi e capir\u00f2&#8221;. &#8211; Confucio<\/em><br\/><br\/><\/p>\n\n<p><\/p>\n\n<p><\/p>\n","protected":false},"excerpt":{"rendered":"<p>Durante l&#8217;esplosione del 4 agosto 2020, il nostro ospedale libanese Geitoui \u00e8 stato gravemente danneggiato, con una massiccia distruzione di edifici, attrezzature e infrastrutture. La precedente ristrutturazione dell&#8217;ospedale, che ammontava a un importo elevato a 8 cifre, \u00e8 stata possibile solo grazie al generoso aiuto di donatori e amici, soprattutto perch\u00e9 l&#8217;insolvenza del settore dall&#8217;ottobre [&hellip;]<\/p>\n","protected":false},"author":1,"featured_media":0,"parent":0,"menu_order":0,"comment_status":"closed","ping_status":"closed","template":"","meta":[],"_links":{"self":[{"href":"https:\/\/fundraising-hopital-libanais.com\/it\/wp-json\/wp\/v2\/pages\/10582"}],"collection":[{"href":"https:\/\/fundraising-hopital-libanais.com\/it\/wp-json\/wp\/v2\/pages"}],"about":[{"href":"https:\/\/fundraising-hopital-libanais.com\/it\/wp-json\/wp\/v2\/types\/page"}],"author":[{"embeddable":true,"href":"https:\/\/fundraising-hopital-libanais.com\/it\/wp-json\/wp\/v2\/users\/1"}],"replies":[{"embeddable":true,"href":"https:\/\/fundraising-hopital-libanais.com\/it\/wp-json\/wp\/v2\/comments?post=10582"}],"version-history":[{"count":0,"href":"https:\/\/fundraising-hopital-libanais.com\/it\/wp-json\/wp\/v2\/pages\/10582\/revisions"}],"wp:attachment":[{"href":"https:\/\/fundraising-hopital-libanais.com\/it\/wp-json\/wp\/v2\/media?parent=10582"}],"curies":[{"name":"wp","href":"https:\/\/api.w.org\/{rel}","templated":true}]}}