{"id":10516,"date":"2023-06-09T22:11:49","date_gmt":"2023-06-09T22:11:49","guid":{"rendered":"https:\/\/fundraising-hopital-libanais.com\/aiuto\/"},"modified":"2023-08-01T21:29:14","modified_gmt":"2023-08-01T21:29:14","slug":"aiuto","status":"publish","type":"page","link":"https:\/\/fundraising-hopital-libanais.com\/it\/aiuto\/","title":{"rendered":"Aiuto"},"content":{"rendered":"\n<figure class=\"wp-block-gallery alignwide has-nested-images columns-default is-cropped wp-block-gallery-1 is-layout-flex\">\n<figure class=\"wp-block-image size-large\"><img decoding=\"async\" loading=\"lazy\" width=\"720\" height=\"540\" data-id=\"9909\"  src=\"https:\/\/fundraising-hopital-libanais.com\/wp-content\/uploads\/2023\/07\/blast2.jpg\" alt=\"\" class=\"wp-image-9909\" srcset=\"https:\/\/fundraising-hopital-libanais.com\/wp-content\/uploads\/2023\/07\/blast2.jpg 720w, https:\/\/fundraising-hopital-libanais.com\/wp-content\/uploads\/2023\/07\/blast2-300x225.jpg 300w, https:\/\/fundraising-hopital-libanais.com\/wp-content\/uploads\/2023\/07\/blast2-600x450.jpg 600w\" sizes=\"(max-width: 720px) 100vw, 720px\" \/><\/figure>\n\n\n\n<figure class=\"wp-block-image size-large\"><img decoding=\"async\" loading=\"lazy\" width=\"1023\" height=\"768\" data-id=\"9912\"  src=\"https:\/\/fundraising-hopital-libanais.com\/wp-content\/uploads\/2023\/07\/blast3.jpg\" alt=\"\" class=\"wp-image-9912\" srcset=\"https:\/\/fundraising-hopital-libanais.com\/wp-content\/uploads\/2023\/07\/blast3.jpg 1023w, https:\/\/fundraising-hopital-libanais.com\/wp-content\/uploads\/2023\/07\/blast3-300x225.jpg 300w, https:\/\/fundraising-hopital-libanais.com\/wp-content\/uploads\/2023\/07\/blast3-768x577.jpg 768w, https:\/\/fundraising-hopital-libanais.com\/wp-content\/uploads\/2023\/07\/blast3-600x450.jpg 600w\" sizes=\"(max-width: 1023px) 100vw, 1023px\" \/><\/figure>\n\n\n\n<figure class=\"wp-block-image size-large\"><img decoding=\"async\" loading=\"lazy\" width=\"720\" height=\"540\" data-id=\"9906\"  src=\"https:\/\/fundraising-hopital-libanais.com\/wp-content\/uploads\/2023\/07\/blast1.jpg\" alt=\"\" class=\"wp-image-9906\" srcset=\"https:\/\/fundraising-hopital-libanais.com\/wp-content\/uploads\/2023\/07\/blast1.jpg 720w, https:\/\/fundraising-hopital-libanais.com\/wp-content\/uploads\/2023\/07\/blast1-300x225.jpg 300w, https:\/\/fundraising-hopital-libanais.com\/wp-content\/uploads\/2023\/07\/blast1-600x450.jpg 600w\" sizes=\"(max-width: 720px) 100vw, 720px\" \/><\/figure>\n<\/figure>\n\n<p class=\"has-text-align-left has-medium-font-size\"><br\/><em>&#8220;Nessuno \u00e8 mai diventato povero per aver dato&#8221;. &#8211; Anna Frank<\/em><\/p>\n\n<p>Con il vostro aiuto, il vostro cuore e la vostra dedizione, saremo in grado di fornire cure ancora migliori ai nostri pazienti.<\/p>\n\n<p>Perch\u00e9 abbiamo cos\u00ec tanto bisogno di un aiuto esterno?<\/p>\n\n<p>A causa dell&#8217;enorme inflazione di oltre il 95% della valuta nazionale rispetto al dollaro, l&#8217;intero sistema libanese \u00e8 molto debole e diverse istituzioni sono state distrutte. La garanzia dei bisogni primari dell&#8217;intera popolazione, come cibo, assistenza sanitaria, carburante, sicurezza pubblica e generale e disponibilit\u00e0 di posti di lavoro, ha subito un impatto negativo.<br\/><br\/><\/p>\n\n<figure class=\"wp-block-video\"><video controls=\"\" src=\"https:\/\/fundraising-hopital-libanais.com\/wp-content\/uploads\/2023\/07\/video.mp4\"><\/video><\/figure>\n\n<p><br\/>Di conseguenza, da allora, i terzi pagatori pubblici non sono stati in grado di rimborsare gli ospedali per le spese sanitarie, impedendo alla maggior parte della popolazione libanese di accedere alle cure mediche. Questa mancanza di accessibilit\u00e0, purtroppo, si traduce in un gran numero di rifiuti di ricovero in ospedale, nonostante il parere del medico.<\/p>\n\n<p>Questa situazione economica ha portato alcuni ospedali a chiudere i battenti e altri a rifiutare il ricovero dei pazienti.<\/p>\n\n<p>In tutta questa miseria, noi della LHG-UMC, nonostante tutte le sfide, stiamo ancora cercando di tenere le porte aperte per tutti i pazienti di qualsiasi origine. Per questo motivo, un numero sempre maggiore di pazienti coperti da un&#8217;assicurazione pubblica viene indirizzato al nostro ospedale per la diagnostica e il trattamento clinico.<\/p>\n\n<p>A ci\u00f2 si aggiunge il costo dei farmaci e dei materiali di consumo, che sono aumentati a causa dell&#8217;iperinflazione e della fine dei sussidi governativi. Oggi, il nostro ospedale si trova in una situazione critica: da un lato, la maggior parte dei ricoverati che prima erano coperti dai pagatori pubblici non ha pi\u00f9 accesso alle cure a causa della crisi, dall&#8217;altro, i pagatori privati terzi hanno la met\u00e0 del valore del loro aiuto rispetto a prima ridotto di un anno. Tutto ci\u00f2 si traduce in minori entrate per l&#8217;ospedale, in una situazione finanziaria che peggiora sempre pi\u00f9 con la continua svalutazione della moneta locale. Naturalmente, ci\u00f2 influisce sulla nostra capacit\u00e0 di finanziare i nostri progetti al di l\u00e0 dei costi operativi. Per quanto riguarda la situazione politica ed economica, non riusciamo ancora a vedere la luce alla fine del tunnel. Il Libano si trova in un&#8217;impasse politica: nessun governo, nessuna presidenza da tempo, problemi finanziari delle istituzioni pubbliche e delle infrastrutture dello Stato.<\/p>\n\n<p>In questa situazione e in queste circostanze, non \u00e8 pi\u00f9 possibile per noi sostenere da soli i costi, n\u00e9 tantomeno pagare la ristrutturazione e il risanamento.<\/p>\n\n<p><\/p>\n","protected":false},"excerpt":{"rendered":"<p>&#8220;Nessuno \u00e8 mai diventato povero per aver dato&#8221;. &#8211; Anna Frank Con il vostro aiuto, il vostro cuore e la vostra dedizione, saremo in grado di fornire cure ancora migliori ai nostri pazienti. Perch\u00e9 abbiamo cos\u00ec tanto bisogno di un aiuto esterno? A causa dell&#8217;enorme inflazione di oltre il 95% della valuta nazionale rispetto al [&hellip;]<\/p>\n","protected":false},"author":1,"featured_media":0,"parent":0,"menu_order":0,"comment_status":"closed","ping_status":"closed","template":"","meta":[],"_links":{"self":[{"href":"https:\/\/fundraising-hopital-libanais.com\/it\/wp-json\/wp\/v2\/pages\/10516"}],"collection":[{"href":"https:\/\/fundraising-hopital-libanais.com\/it\/wp-json\/wp\/v2\/pages"}],"about":[{"href":"https:\/\/fundraising-hopital-libanais.com\/it\/wp-json\/wp\/v2\/types\/page"}],"author":[{"embeddable":true,"href":"https:\/\/fundraising-hopital-libanais.com\/it\/wp-json\/wp\/v2\/users\/1"}],"replies":[{"embeddable":true,"href":"https:\/\/fundraising-hopital-libanais.com\/it\/wp-json\/wp\/v2\/comments?post=10516"}],"version-history":[{"count":0,"href":"https:\/\/fundraising-hopital-libanais.com\/it\/wp-json\/wp\/v2\/pages\/10516\/revisions"}],"wp:attachment":[{"href":"https:\/\/fundraising-hopital-libanais.com\/it\/wp-json\/wp\/v2\/media?parent=10516"}],"curies":[{"name":"wp","href":"https:\/\/api.w.org\/{rel}","templated":true}]}}