{"id":9765,"date":"2023-06-09T21:56:51","date_gmt":"2023-06-09T21:56:51","guid":{"rendered":"https:\/\/fundraising-hopital-libanais.com\/testwebsite\/notre-mission\/"},"modified":"2023-07-15T16:00:39","modified_gmt":"2023-07-15T16:00:39","slug":"notre-mission","status":"publish","type":"page","link":"https:\/\/fundraising-hopital-libanais.com\/fr\/notre-mission\/","title":{"rendered":"Notre mission"},"content":{"rendered":"\n<p class=\"has-medium-font-size\">                                   <em>  Main dans la main, nous pouvons supporter la r\u00e9alit\u00e9 d\u00e9vastatrice\u00a0\u00bb. Aidez-nous \u00e0 sauver des vies, nous avons besoin de vous\u00a0\u00bb.<\/em><\/p>\n\n\n\n<p>Nous, l&rsquo;H\u00f4pital Lebanese de Geitaoui, en tant qu&rsquo;organisation \u00e0 but non lucratif, d\u00e9pendons de l&rsquo;aide et du soutien ext\u00e9rieurs depuis la grande explosion du port de Beyrouth le 04.08.2020, et la pand\u00e9mie COVID-19.<\/p>\n\n\n\n<p><\/p>\n\n\n\n<p class=\"has-medium-font-size\"><em>Nous recherchons des personnes qui ont \u00e0 c\u0153ur d&rsquo;aider les autres et qui nous aident \u00e0 rendre cela possible.  <\/em><\/p>\n\n\n\n<p><\/p>\n\n\n\n<p>En raison de ces deux \u00e9v\u00e9nements, nous avons d\u00fb essuyer un grand revers dans notre d\u00e9veloppement, que nous ne pouvons d\u00e9sormais rattraper que gr\u00e2ce \u00e0 votre aide. Ce n&rsquo;est que gr\u00e2ce \u00e0 l&rsquo;aide et aux dons de l&rsquo;ext\u00e9rieur que nous pouvons remettre notre h\u00f4pital, ainsi que le d\u00e9veloppement du Liban, au niveau d&rsquo;avant ces \u00e9v\u00e9nements.<\/p>\n\n\n\n<p><\/p>\n\n\n\n<p>Aidez-nous \u00e0 sauver des vies en contribuant \u00e0 remettre notre h\u00f4pital aux normes n\u00e9cessaires.<\/p>\n\n\n\n<p><\/p>\n\n\n\n<figure class=\"wp-block-embed is-type-video is-provider-youtube wp-block-embed-youtube wp-embed-aspect-16-9 wp-has-aspect-ratio\"><div class=\"wp-block-embed__wrapper\">\n<iframe loading=\"lazy\" title=\"Image Video Fundraising Hospital Geitaoui Beirut\" width=\"1170\" height=\"658\" src=\"https:\/\/www.youtube.com\/embed\/lflq9KWTYsM?feature=oembed\" frameborder=\"0\" allow=\"accelerometer; autoplay; clipboard-write; encrypted-media; gyroscope; picture-in-picture; web-share\" allowfullscreen><\/iframe>\n<\/div><\/figure>\n","protected":false},"excerpt":{"rendered":"<p>Main dans la main, nous pouvons supporter la r\u00e9alit\u00e9 d\u00e9vastatrice\u00a0\u00bb. Aidez-nous \u00e0 sauver des vies, nous avons besoin de vous\u00a0\u00bb. Nous, l&rsquo;H\u00f4pital Lebanese de Geitaoui, en tant qu&rsquo;organisation \u00e0 but non lucratif, d\u00e9pendons de l&rsquo;aide et du soutien ext\u00e9rieurs depuis la grande explosion du port de Beyrouth le 04.08.2020, et la pand\u00e9mie COVID-19. Nous recherchons [&hellip;]<\/p>\n","protected":false},"author":1,"featured_media":0,"parent":0,"menu_order":0,"comment_status":"closed","ping_status":"closed","template":"","meta":[],"_links":{"self":[{"href":"https:\/\/fundraising-hopital-libanais.com\/fr\/wp-json\/wp\/v2\/pages\/9765"}],"collection":[{"href":"https:\/\/fundraising-hopital-libanais.com\/fr\/wp-json\/wp\/v2\/pages"}],"about":[{"href":"https:\/\/fundraising-hopital-libanais.com\/fr\/wp-json\/wp\/v2\/types\/page"}],"author":[{"embeddable":true,"href":"https:\/\/fundraising-hopital-libanais.com\/fr\/wp-json\/wp\/v2\/users\/1"}],"replies":[{"embeddable":true,"href":"https:\/\/fundraising-hopital-libanais.com\/fr\/wp-json\/wp\/v2\/comments?post=9765"}],"version-history":[{"count":0,"href":"https:\/\/fundraising-hopital-libanais.com\/fr\/wp-json\/wp\/v2\/pages\/9765\/revisions"}],"wp:attachment":[{"href":"https:\/\/fundraising-hopital-libanais.com\/fr\/wp-json\/wp\/v2\/media?parent=9765"}],"curies":[{"name":"wp","href":"https:\/\/api.w.org\/{rel}","templated":true}]}}