{"id":9755,"date":"2023-06-30T12:20:51","date_gmt":"2023-06-30T12:20:51","guid":{"rendered":"https:\/\/fundraising-hopital-libanais.com\/testwebsite\/notre-philosophie\/"},"modified":"2023-08-01T21:25:47","modified_gmt":"2023-08-01T21:25:47","slug":"notre-philosophie","status":"publish","type":"page","link":"https:\/\/fundraising-hopital-libanais.com\/fr\/","title":{"rendered":"Notre philosophie"},"content":{"rendered":"\n<figure class=\"wp-block-gallery alignwide has-nested-images columns-default is-cropped wp-block-gallery-1 is-layout-flex\">\n<figure class=\"wp-block-image size-large\"><img decoding=\"async\" loading=\"lazy\" width=\"1024\" height=\"768\" data-id=\"10030\"  src=\"https:\/\/fundraising-hopital-libanais.com\/testwebsite\/wp-content\/uploads\/2023\/07\/Sister-Hadiar-1024x768.jpg\" alt=\"\" class=\"wp-image-10030\" srcset=\"https:\/\/fundraising-hopital-libanais.com\/wp-content\/uploads\/2023\/07\/Sister-Hadiar-1024x768.jpg 1024w, https:\/\/fundraising-hopital-libanais.com\/wp-content\/uploads\/2023\/07\/Sister-Hadiar-300x225.jpg 300w, https:\/\/fundraising-hopital-libanais.com\/wp-content\/uploads\/2023\/07\/Sister-Hadiar-768x576.jpg 768w, https:\/\/fundraising-hopital-libanais.com\/wp-content\/uploads\/2023\/07\/Sister-Hadiar-600x450.jpg 600w, https:\/\/fundraising-hopital-libanais.com\/wp-content\/uploads\/2023\/07\/Sister-Hadiar.jpg 1280w\" sizes=\"(max-width: 1024px) 100vw, 1024px\" \/><\/figure>\n\n\n\n<figure class=\"wp-block-image size-large\"><img decoding=\"async\" loading=\"lazy\" width=\"1024\" height=\"768\" data-id=\"10018\"  src=\"https:\/\/fundraising-hopital-libanais.com\/testwebsite\/wp-content\/uploads\/2023\/07\/HLG-flag-1024x768.jpg\" alt=\"\" class=\"wp-image-10018\" srcset=\"https:\/\/fundraising-hopital-libanais.com\/wp-content\/uploads\/2023\/07\/HLG-flag-1024x768.jpg 1024w, https:\/\/fundraising-hopital-libanais.com\/wp-content\/uploads\/2023\/07\/HLG-flag-300x225.jpg 300w, https:\/\/fundraising-hopital-libanais.com\/wp-content\/uploads\/2023\/07\/HLG-flag-768x576.jpg 768w, https:\/\/fundraising-hopital-libanais.com\/wp-content\/uploads\/2023\/07\/HLG-flag-600x450.jpg 600w, https:\/\/fundraising-hopital-libanais.com\/wp-content\/uploads\/2023\/07\/HLG-flag.jpg 1280w\" sizes=\"(max-width: 1024px) 100vw, 1024px\" \/><\/figure>\n\n\n\n<figure class=\"wp-block-image size-large\"><img decoding=\"async\" loading=\"lazy\" width=\"1024\" height=\"768\" data-id=\"10015\"  src=\"https:\/\/fundraising-hopital-libanais.com\/testwebsite\/wp-content\/uploads\/2023\/07\/Dr-Yared-1024x768.jpg\" alt=\"\" class=\"wp-image-10015\" srcset=\"https:\/\/fundraising-hopital-libanais.com\/wp-content\/uploads\/2023\/07\/Dr-Yared-1024x768.jpg 1024w, https:\/\/fundraising-hopital-libanais.com\/wp-content\/uploads\/2023\/07\/Dr-Yared-300x225.jpg 300w, https:\/\/fundraising-hopital-libanais.com\/wp-content\/uploads\/2023\/07\/Dr-Yared-768x576.jpg 768w, https:\/\/fundraising-hopital-libanais.com\/wp-content\/uploads\/2023\/07\/Dr-Yared-600x450.jpg 600w, https:\/\/fundraising-hopital-libanais.com\/wp-content\/uploads\/2023\/07\/Dr-Yared.jpg 1280w\" sizes=\"(max-width: 1024px) 100vw, 1024px\" \/><\/figure>\n<\/figure>\n\n<p><br\/><br\/>L&rsquo;h\u00f4pital libanais Geitaoui-UMC (LHG-UMC), l&rsquo;un des premiers h\u00f4pitaux du Liban, a \u00e9t\u00e9 fond\u00e9 en 1927 par l&rsquo;abb\u00e9 Youssef Selwan Geitaoui. L&rsquo;h\u00f4pital est g\u00e9r\u00e9 par la congr\u00e9gation des s\u0153urs maronites de la Sainte Famille maronite, fond\u00e9e en 1895 par le patriarche Elias El Hoyek.<\/p>\n\n<p>Depuis 2010, le LGH-UMC est sous la direction de Sister Hadia ABI CHEBLI et du Docteur Pierre YARED. En tant que PDG, tous deux dirigent l&rsquo;h\u00f4pital en se concentrant sur les meilleurs soins possibles pour les patients, en gardant \u00e0 l&rsquo;esprit que le Lebanese Hospital Geitaoui, en tant qu&rsquo;ORGANISATION NON-PROFIT, utilise tous ses revenus exclusivement pour les soins aux patients.  <\/p>\n\n<p>Le LHG-UMC, en tant qu&rsquo;h\u00f4pital universitaire avec environ 110 \u00e9tudiants en m\u00e9decine, dispose de 250 lits, dont 31 lits de soins intensifs, 8 salles d&rsquo;op\u00e9ration, un h\u00e9liport, deux laboratoires de cath\u00e9t\u00e9risme et un service d&rsquo;urgence pouvant accueillir jusqu&rsquo;\u00e0 22 patients. Depuis 1992, notre h\u00f4pital dispose \u00e9galement du seul centre de br\u00fbl\u00e9s au Liban, qui prend en charge les patients souffrant de br\u00fblures graves de tout le Liban. Depuis les ann\u00e9es 1960, le Lebanese Hospital Geitaoui fait partie des h\u00f4pitaux pionniers de tout le Liban, on peut m\u00eame dire de tout le Moyen-Orient, car il a rapidement adopt\u00e9 les innovations m\u00e9dicales et technologiques et offre une qualit\u00e9 de soins \u00e9lev\u00e9e. Les normes d&rsquo;hygi\u00e8ne, de propret\u00e9, d&rsquo;am\u00e9nagement et de formation du personnel m\u00e9dical sont conformes aux standards europ\u00e9ens, ce qui est, osons le dire, une exception totale au Liban. Avec la mission d&rsquo;offrir \u00e0 chaque patient le meilleur traitement possible, sans distinction de classe, de race ou d&rsquo;origine, il f\u00eatera bient\u00f4t son 100e anniversaire.<\/p>\n\n<p class=\"has-medium-font-size\"><em>\u00ab\u00a0La seule fa\u00e7on de faire du bon travail est d&rsquo;aimer ce que l&rsquo;on fait\u00a0\u00bb. &#8211; Steve Jobs<\/em><br\/><br\/><\/p>\n","protected":false},"excerpt":{"rendered":"<p>L&rsquo;h\u00f4pital libanais Geitaoui-UMC (LHG-UMC), l&rsquo;un des premiers h\u00f4pitaux du Liban, a \u00e9t\u00e9 fond\u00e9 en 1927 par l&rsquo;abb\u00e9 Youssef Selwan Geitaoui. L&rsquo;h\u00f4pital est g\u00e9r\u00e9 par la congr\u00e9gation des s\u0153urs maronites de la Sainte Famille maronite, fond\u00e9e en 1895 par le patriarche Elias El Hoyek. Depuis 2010, le LGH-UMC est sous la direction de Sister Hadia ABI [&hellip;]<\/p>\n","protected":false},"author":1,"featured_media":0,"parent":0,"menu_order":0,"comment_status":"closed","ping_status":"closed","template":"","meta":[],"_links":{"self":[{"href":"https:\/\/fundraising-hopital-libanais.com\/fr\/wp-json\/wp\/v2\/pages\/9755"}],"collection":[{"href":"https:\/\/fundraising-hopital-libanais.com\/fr\/wp-json\/wp\/v2\/pages"}],"about":[{"href":"https:\/\/fundraising-hopital-libanais.com\/fr\/wp-json\/wp\/v2\/types\/page"}],"author":[{"embeddable":true,"href":"https:\/\/fundraising-hopital-libanais.com\/fr\/wp-json\/wp\/v2\/users\/1"}],"replies":[{"embeddable":true,"href":"https:\/\/fundraising-hopital-libanais.com\/fr\/wp-json\/wp\/v2\/comments?post=9755"}],"version-history":[{"count":0,"href":"https:\/\/fundraising-hopital-libanais.com\/fr\/wp-json\/wp\/v2\/pages\/9755\/revisions"}],"wp:attachment":[{"href":"https:\/\/fundraising-hopital-libanais.com\/fr\/wp-json\/wp\/v2\/media?parent=9755"}],"curies":[{"name":"wp","href":"https:\/\/api.w.org\/{rel}","templated":true}]}}