{"id":9442,"date":"2023-06-09T22:31:50","date_gmt":"2023-06-09T22:31:50","guid":{"rendered":"https:\/\/fundraising-hopital-libanais.com\/testwebsite\/renew\/"},"modified":"2023-07-20T21:13:03","modified_gmt":"2023-07-20T21:13:03","slug":"renew","status":"publish","type":"page","link":"https:\/\/fundraising-hopital-libanais.com\/fr\/renew\/","title":{"rendered":"Renouveler"},"content":{"rendered":"\n<figure class=\"wp-block-gallery alignwide has-nested-images columns-default is-cropped wp-block-gallery-1 is-layout-flex\">\n<figure class=\"wp-block-image size-large\"><img decoding=\"async\" loading=\"lazy\" width=\"768\" height=\"1024\" data-id=\"9973\"  src=\"https:\/\/fundraising-hopital-libanais.com\/testwebsite\/wp-content\/uploads\/2023\/07\/pic-1-768x1024.jpg\" alt=\"\" class=\"wp-image-9973\" srcset=\"https:\/\/fundraising-hopital-libanais.com\/wp-content\/uploads\/2023\/07\/pic-1-768x1024.jpg 768w, https:\/\/fundraising-hopital-libanais.com\/wp-content\/uploads\/2023\/07\/pic-1-225x300.jpg 225w, https:\/\/fundraising-hopital-libanais.com\/wp-content\/uploads\/2023\/07\/pic-1-600x800.jpg 600w, https:\/\/fundraising-hopital-libanais.com\/wp-content\/uploads\/2023\/07\/pic-1.jpg 960w\" sizes=\"(max-width: 768px) 100vw, 768px\" \/><\/figure>\n\n\n\n<figure class=\"wp-block-image size-large\"><img decoding=\"async\" loading=\"lazy\" width=\"768\" height=\"1024\" data-id=\"9976\"  src=\"https:\/\/fundraising-hopital-libanais.com\/testwebsite\/wp-content\/uploads\/2023\/07\/pic-2-768x1024.jpg\" alt=\"\" class=\"wp-image-9976\" srcset=\"https:\/\/fundraising-hopital-libanais.com\/wp-content\/uploads\/2023\/07\/pic-2-768x1024.jpg 768w, https:\/\/fundraising-hopital-libanais.com\/wp-content\/uploads\/2023\/07\/pic-2-225x300.jpg 225w, https:\/\/fundraising-hopital-libanais.com\/wp-content\/uploads\/2023\/07\/pic-2-600x800.jpg 600w, https:\/\/fundraising-hopital-libanais.com\/wp-content\/uploads\/2023\/07\/pic-2.jpg 960w\" sizes=\"(max-width: 768px) 100vw, 768px\" \/><\/figure>\n\n\n\n<figure class=\"wp-block-image size-large\"><img decoding=\"async\" loading=\"lazy\" width=\"768\" height=\"1024\" data-id=\"9979\"  src=\"https:\/\/fundraising-hopital-libanais.com\/testwebsite\/wp-content\/uploads\/2023\/07\/pic-3-768x1024.jpg\" alt=\"\" class=\"wp-image-9979\" srcset=\"https:\/\/fundraising-hopital-libanais.com\/wp-content\/uploads\/2023\/07\/pic-3-768x1024.jpg 768w, https:\/\/fundraising-hopital-libanais.com\/wp-content\/uploads\/2023\/07\/pic-3-225x300.jpg 225w, https:\/\/fundraising-hopital-libanais.com\/wp-content\/uploads\/2023\/07\/pic-3-600x800.jpg 600w, https:\/\/fundraising-hopital-libanais.com\/wp-content\/uploads\/2023\/07\/pic-3.jpg 960w\" sizes=\"(max-width: 768px) 100vw, 768px\" \/><\/figure>\n<\/figure>\n\n\n\n<p><br><\/p>\n\n\n\n<p>Lors de l&rsquo;explosion du 4 ao\u00fbt 2020, notre h\u00f4pital libanais Geitoui a \u00e9t\u00e9 gravement endommag\u00e9, il y a eu une destruction massive de nos b\u00e2timents, de notre \u00e9quipement et de notre infrastructure.<\/p>\n\n\n\n<p>La pr\u00e9c\u00e9dente r\u00e9novation de l&rsquo;h\u00f4pital, d&rsquo;un montant \u00e9lev\u00e9 \u00e0 8 chiffres, n&rsquo;a pu \u00eatre rendue possible que par l&rsquo;aide g\u00e9n\u00e9reuse de donateurs et d&rsquo;amis, d&rsquo;autant plus que l&rsquo;insolvabilit\u00e9 du secteur depuis octobre 2019 ne permet plus d&rsquo;acc\u00e9der aux pr\u00eats des banques libanaises. Gr\u00e2ce \u00e0 ces dons, nous avons pu r\u00e9aliser les travaux de r\u00e9novation les plus n\u00e9cessaires \u00e0 l&rsquo;\u00e9poque.<\/p>\n\n\n\n<p>Cependant, afin d&rsquo;offrir \u00e0 nos patients les meilleurs soins m\u00e9dicaux possibles et \u00e0 nos pr\u00e8s de 110 \u00e9tudiants en m\u00e9decine la meilleure formation possible, il est tr\u00e8s important et urgent de r\u00e9nover les d\u00e9partements sp\u00e9cialis\u00e9s d&rsquo;oncologie, de p\u00e9diatrie, la maternit\u00e9 et l&rsquo;unit\u00e9 de soins intensifs pour nouveau-n\u00e9s de notre h\u00f4pital et ce, le plus rapidement possible afin de pouvoir rouvrir. Il va sans dire que ces d\u00e9partements sont d&rsquo;une grande importance pour la communaut\u00e9 hospitali\u00e8re et pour un grand nombre de patients concern\u00e9s, et que la pr\u00e9sence de ces d\u00e9partements est un \u00e9l\u00e9ment essentiel de la fourniture de soins complets et holistiques centr\u00e9s sur le patient.<\/p>\n\n\n\n<p>En ce qui concerne nos \u00e9tudiants en m\u00e9decine, il faut expliquer que la r\u00e9novation et la r\u00e9habilitation des d\u00e9partements actuellement ferm\u00e9s est essentielle. C&rsquo;est la seule fa\u00e7on de garantir que nos \u00e9tudiants re\u00e7oivent la meilleure \u00e9ducation possible et ne quittent pas le pays apr\u00e8s leurs \u00e9tudes, mais qu&rsquo;ils puissent continuer \u00e0 soutenir le Liban gr\u00e2ce \u00e0 d&rsquo;excellents soins m\u00e9dicaux. Les H\u00f4pitaux Geitaoui se concentrent sur les m\u00e9decins bien form\u00e9s et \u00e9duqu\u00e9s, car le pays conna\u00eet une tr\u00e8s forte p\u00e9nurie de travailleurs qualifi\u00e9s, principalement dans le domaine de la m\u00e9decine, de la sant\u00e9 et des soins. C&rsquo;est la seule fa\u00e7on de garantir que l&rsquo;infrastructure et le d\u00e9veloppement de ce pays aient la possibilit\u00e9 de se stabiliser.<\/p>\n\n\n\n<p class=\"has-medium-font-size\"><em>\u00ab\u00a0Dites-moi et j&rsquo;oublierai. Montrez-moi et je me souviendrai. Impliquez-moi et je comprendrai\u00a0\u00bb. &#8211; Confucius<\/em><br><br><\/p>\n","protected":false},"excerpt":{"rendered":"<p>Lors de l&rsquo;explosion du 4 ao\u00fbt 2020, notre h\u00f4pital libanais Geitoui a \u00e9t\u00e9 gravement endommag\u00e9, il y a eu une destruction massive de nos b\u00e2timents, de notre \u00e9quipement et de notre infrastructure. La pr\u00e9c\u00e9dente r\u00e9novation de l&rsquo;h\u00f4pital, d&rsquo;un montant \u00e9lev\u00e9 \u00e0 8 chiffres, n&rsquo;a pu \u00eatre rendue possible que par l&rsquo;aide g\u00e9n\u00e9reuse de donateurs et [&hellip;]<\/p>\n","protected":false},"author":1,"featured_media":0,"parent":0,"menu_order":0,"comment_status":"closed","ping_status":"closed","template":"","meta":[],"_links":{"self":[{"href":"https:\/\/fundraising-hopital-libanais.com\/fr\/wp-json\/wp\/v2\/pages\/9442"}],"collection":[{"href":"https:\/\/fundraising-hopital-libanais.com\/fr\/wp-json\/wp\/v2\/pages"}],"about":[{"href":"https:\/\/fundraising-hopital-libanais.com\/fr\/wp-json\/wp\/v2\/types\/page"}],"author":[{"embeddable":true,"href":"https:\/\/fundraising-hopital-libanais.com\/fr\/wp-json\/wp\/v2\/users\/1"}],"replies":[{"embeddable":true,"href":"https:\/\/fundraising-hopital-libanais.com\/fr\/wp-json\/wp\/v2\/comments?post=9442"}],"version-history":[{"count":0,"href":"https:\/\/fundraising-hopital-libanais.com\/fr\/wp-json\/wp\/v2\/pages\/9442\/revisions"}],"wp:attachment":[{"href":"https:\/\/fundraising-hopital-libanais.com\/fr\/wp-json\/wp\/v2\/media?parent=9442"}],"curies":[{"name":"wp","href":"https:\/\/api.w.org\/{rel}","templated":true}]}}