{"id":9439,"date":"2023-06-09T22:30:50","date_gmt":"2023-06-09T22:30:50","guid":{"rendered":"https:\/\/fundraising-hopital-libanais.com\/testwebsite\/rehabilitation\/"},"modified":"2023-07-15T17:52:20","modified_gmt":"2023-07-15T17:52:20","slug":"rehabilitation","status":"publish","type":"page","link":"https:\/\/fundraising-hopital-libanais.com\/fr\/rehabilitation\/","title":{"rendered":"R\u00e9habilitation"},"content":{"rendered":"\n<p class=\"has-medium-font-size\">\u00ab\u00a0<em>Nous ne sommes pas seulement responsables de ce que nous faisons, mais aussi de ce que nous ne faisons pas<\/em>!<\/p>\n\n<p>Le remplacement des anciens \u00e9quipements m\u00e9dicaux et l&rsquo;acquisition de nouveaux \u00e9quipements constituent une part importante de la r\u00e9habilitation de notre h\u00f4pital. D&rsquo;une part, cet \u00e9change nous garantit une prise en charge meilleure et plus rapide de nos patients et, d&rsquo;autre part, il nous permet d&rsquo;ouvrir les services dont nous avons un besoin urgent, tels que l&rsquo;oncologie, la p\u00e9diatrie, la maternit\u00e9 et l&rsquo;unit\u00e9 de soins intensifs pour les nouveau-n\u00e9s.<\/p>\n\n<p>En rempla\u00e7ant les dispositifs m\u00e9dicaux, nous pouvons \u00e9galement \u00e9conomiser une quantit\u00e9 \u00e9norme de co\u00fbts de maintenance et d&rsquo;\u00e9lectricit\u00e9, et ainsi permettre \u00e0 plus de patients de recevoir l&rsquo;aide m\u00e9dicale et les soins dont ils ont besoin de toute urgence.<\/p>\n\n<p>L&rsquo;aspect le plus important de la r\u00e9habilitation de l&rsquo;\u00e9quipement m\u00e9dical est le remplacement de l&rsquo;ancien appareil d&rsquo;IRM par un nouvel appareil d&rsquo;IRM 3T.<\/p>\n\n<p>Install\u00e9e en 2012, notre IRM est un \u00e9quipement extr\u00eamement important pour nos besoins de diagnostic dans le d\u00e9partement d&rsquo;imagerie m\u00e9dicale et conna\u00eet actuellement un taux de d\u00e9faillance extr\u00eamement \u00e9lev\u00e9, qui continue d&rsquo;augmenter chaque ann\u00e9e. Le remplacement \u00e9tait initialement pr\u00e9vu pour 2019, mais a \u00e9t\u00e9 report\u00e9 \u00e0 plusieurs reprises en raison de la crise. Actuellement, cette machine g\u00e9n\u00e8re des co\u00fbts de maintenance importants et croissants, d&rsquo;une part en raison du co\u00fbt \u00e9lev\u00e9 des pi\u00e8ces de rechange et des pannes fr\u00e9quentes, mais aussi en raison de ses besoins importants en mati\u00e8re de maintenance.<\/p>\n\n<p>Les temps d&rsquo;arr\u00eat de l&rsquo;\u00e9quipement entra\u00eenent des co\u00fbts d&rsquo;opportunit\u00e9 \u00e9lev\u00e9s pour l&rsquo;h\u00f4pital et nuisent \u00e0 la qualit\u00e9 des soins prodigu\u00e9s aux patients, car le taux d&rsquo;utilisation de l&rsquo;IRM est sup\u00e9rieur \u00e0 95 % en temps normal. Il convient \u00e9galement de noter que l&rsquo;\u00e9quipement a \u00e9t\u00e9 gravement affect\u00e9 par l&rsquo;explosion et que sa remise en service a n\u00e9cessit\u00e9 d&rsquo;importantes r\u00e9parations. Le remplacement de cet appareil est donc devenu une priorit\u00e9 pour l&rsquo;h\u00f4pital, car il permettra \u00e0 la fois d&rsquo;am\u00e9liorer les performances diagnostiques, de r\u00e9duire les co\u00fbts d&rsquo;exploitation et de maintenance et d&rsquo;ouvrir de mani\u00e8re significative la possibilit\u00e9 de nouveaux types d&rsquo;interventions.  <\/p>\n\n<p>Les personnes qui nous permettront de le faire ont un impact significatif sur la vie de nos patients.<\/p>\n","protected":false},"excerpt":{"rendered":"<p>\u00ab\u00a0Nous ne sommes pas seulement responsables de ce que nous faisons, mais aussi de ce que nous ne faisons pas! Le remplacement des anciens \u00e9quipements m\u00e9dicaux et l&rsquo;acquisition de nouveaux \u00e9quipements constituent une part importante de la r\u00e9habilitation de notre h\u00f4pital. D&rsquo;une part, cet \u00e9change nous garantit une prise en charge meilleure et plus rapide [&hellip;]<\/p>\n","protected":false},"author":1,"featured_media":0,"parent":0,"menu_order":0,"comment_status":"closed","ping_status":"closed","template":"","meta":[],"_links":{"self":[{"href":"https:\/\/fundraising-hopital-libanais.com\/fr\/wp-json\/wp\/v2\/pages\/9439"}],"collection":[{"href":"https:\/\/fundraising-hopital-libanais.com\/fr\/wp-json\/wp\/v2\/pages"}],"about":[{"href":"https:\/\/fundraising-hopital-libanais.com\/fr\/wp-json\/wp\/v2\/types\/page"}],"author":[{"embeddable":true,"href":"https:\/\/fundraising-hopital-libanais.com\/fr\/wp-json\/wp\/v2\/users\/1"}],"replies":[{"embeddable":true,"href":"https:\/\/fundraising-hopital-libanais.com\/fr\/wp-json\/wp\/v2\/comments?post=9439"}],"version-history":[{"count":0,"href":"https:\/\/fundraising-hopital-libanais.com\/fr\/wp-json\/wp\/v2\/pages\/9439\/revisions"}],"wp:attachment":[{"href":"https:\/\/fundraising-hopital-libanais.com\/fr\/wp-json\/wp\/v2\/media?parent=9439"}],"curies":[{"name":"wp","href":"https:\/\/api.w.org\/{rel}","templated":true}]}}