{"id":9427,"date":"2023-06-09T22:11:49","date_gmt":"2023-06-09T22:11:49","guid":{"rendered":"https:\/\/fundraising-hopital-libanais.com\/help\/"},"modified":"2023-08-01T21:28:27","modified_gmt":"2023-08-01T21:28:27","slug":"help","status":"publish","type":"page","link":"https:\/\/fundraising-hopital-libanais.com\/fr\/help\/","title":{"rendered":"Aider"},"content":{"rendered":"\n<figure class=\"wp-block-gallery alignwide has-nested-images columns-default is-cropped wp-block-gallery-1 is-layout-flex\">\n<figure class=\"wp-block-image size-large\"><img decoding=\"async\" loading=\"lazy\" width=\"720\" height=\"540\" data-id=\"9909\"  src=\"https:\/\/fundraising-hopital-libanais.com\/wp-content\/uploads\/2023\/07\/blast2.jpg\" alt=\"\" class=\"wp-image-9909\" srcset=\"https:\/\/fundraising-hopital-libanais.com\/wp-content\/uploads\/2023\/07\/blast2.jpg 720w, https:\/\/fundraising-hopital-libanais.com\/wp-content\/uploads\/2023\/07\/blast2-300x225.jpg 300w, https:\/\/fundraising-hopital-libanais.com\/wp-content\/uploads\/2023\/07\/blast2-600x450.jpg 600w\" sizes=\"(max-width: 720px) 100vw, 720px\" \/><\/figure>\n\n\n\n<figure class=\"wp-block-image size-large\"><img decoding=\"async\" loading=\"lazy\" width=\"1023\" height=\"768\" data-id=\"9912\"  src=\"https:\/\/fundraising-hopital-libanais.com\/wp-content\/uploads\/2023\/07\/blast3.jpg\" alt=\"\" class=\"wp-image-9912\" srcset=\"https:\/\/fundraising-hopital-libanais.com\/wp-content\/uploads\/2023\/07\/blast3.jpg 1023w, https:\/\/fundraising-hopital-libanais.com\/wp-content\/uploads\/2023\/07\/blast3-300x225.jpg 300w, https:\/\/fundraising-hopital-libanais.com\/wp-content\/uploads\/2023\/07\/blast3-768x577.jpg 768w, https:\/\/fundraising-hopital-libanais.com\/wp-content\/uploads\/2023\/07\/blast3-600x450.jpg 600w\" sizes=\"(max-width: 1023px) 100vw, 1023px\" \/><\/figure>\n\n\n\n<figure class=\"wp-block-image size-large\"><img decoding=\"async\" loading=\"lazy\" width=\"720\" height=\"540\" data-id=\"9906\"  src=\"https:\/\/fundraising-hopital-libanais.com\/wp-content\/uploads\/2023\/07\/blast1.jpg\" alt=\"\" class=\"wp-image-9906\" srcset=\"https:\/\/fundraising-hopital-libanais.com\/wp-content\/uploads\/2023\/07\/blast1.jpg 720w, https:\/\/fundraising-hopital-libanais.com\/wp-content\/uploads\/2023\/07\/blast1-300x225.jpg 300w, https:\/\/fundraising-hopital-libanais.com\/wp-content\/uploads\/2023\/07\/blast1-600x450.jpg 600w\" sizes=\"(max-width: 720px) 100vw, 720px\" \/><\/figure>\n<\/figure>\n\n<p class=\"has-text-align-left has-medium-font-size\"><br\/><em>\u00ab\u00a0Personne n&rsquo;est jamais devenu pauvre en donnant. &#8211; Anne Frank<\/em><\/p>\n\n<p>Avec votre aide, votre c\u0153ur et votre d\u00e9vouement, nous serons en mesure de fournir des soins encore meilleurs \u00e0 nos patients.<\/p>\n\n<p>Pourquoi avons-nous tant besoin d&rsquo;une aide ext\u00e9rieure ?<\/p>\n\n<p>En raison de l&rsquo;\u00e9norme inflation de plus de 95 % de la monnaie nationale par rapport au dollar, l&rsquo;ensemble du syst\u00e8me libanais est tr\u00e8s affaibli et plusieurs institutions sont d\u00e9truites. La garantie des besoins fondamentaux de l&rsquo;ensemble de la population, tels que l&rsquo;alimentation, les soins de sant\u00e9, le carburant, la s\u00e9curit\u00e9 publique et g\u00e9n\u00e9rale, et la disponibilit\u00e9 des emplois, ont tous \u00e9t\u00e9 gravement affect\u00e9s de mani\u00e8re n\u00e9gative.<br\/><br\/><\/p>\n\n<figure class=\"wp-block-video\"><video controls=\"\" src=\"https:\/\/fundraising-hopital-libanais.com\/wp-content\/uploads\/2023\/07\/video.mp4\"><\/video><\/figure>\n\n<p><br\/>En cons\u00e9quence, depuis lors, les tiers payeurs publics n&rsquo;ont pas \u00e9t\u00e9 en mesure de rembourser les h\u00f4pitaux pour les co\u00fbts des soins de sant\u00e9, emp\u00eachant la majorit\u00e9 de la population libanaise d&rsquo;acc\u00e9der aux soins m\u00e9dicaux. Ce manque d&rsquo;accessibilit\u00e9 entra\u00eene malheureusement un grand nombre de refus d&rsquo;admission \u00e0 l&rsquo;h\u00f4pital, malgr\u00e9 l&rsquo;avis m\u00e9dical.<\/p>\n\n<p>Cette situation \u00e9conomique a conduit certains h\u00f4pitaux \u00e0 fermer leurs portes et d&rsquo;autres \u00e0 refuser d&rsquo;admettre des patients.<\/p>\n\n<p>Dans toute cette mis\u00e8re, nous, le LHG-UMC, malgr\u00e9 tous les d\u00e9fis, essayons toujours de garder les portes ouvertes pour tous les patients de toutes origines. C&rsquo;est la raison pour laquelle un nombre croissant de patients couverts par les payeurs publics sont orient\u00e9s vers notre h\u00f4pital pour des diagnostics et des traitements cliniques.<\/p>\n\n<p>\u00c0 cela s&rsquo;ajoute le co\u00fbt des m\u00e9dicaments et des consommables, qui a augment\u00e9 en raison de l&rsquo;hyperinflation et de la fin des subventions gouvernementales. Aujourd&rsquo;hui, notre h\u00f4pital se trouve dans une situation critique : d&rsquo;une part, la majorit\u00e9 des patients hospitalis\u00e9s qui \u00e9taient auparavant couverts par les payeurs publics n&rsquo;ont plus acc\u00e8s aux soins en raison de la crise, d&rsquo;autre part, les payeurs priv\u00e9s en tiers payant ont la moiti\u00e9 de la valeur de leur aide qu&rsquo;avant r\u00e9duite d&rsquo;un an. Tout cela se traduit par une baisse des revenus de l&rsquo;h\u00f4pital, dans une situation financi\u00e8re qui ne cesse de se d\u00e9grader \u00e0 mesure que la monnaie locale continue de se d\u00e9pr\u00e9cier. Bien entendu, cela affecte notre capacit\u00e9 \u00e0 financer nos projets au-del\u00e0 des co\u00fbts de fonctionnement. Quant \u00e0 la situation politique et \u00e9conomique, nous ne voyons toujours pas la lumi\u00e8re au bout du tunnel. Le Liban est dans une impasse politique : pas de gouvernement, pas de pr\u00e9sidence depuis un certain temps, probl\u00e8mes financiers des institutions publiques et de l&rsquo;infrastructure de l&rsquo;\u00c9tat.<\/p>\n\n<p>Dans cette situation et dans ces circonstances, il ne nous est plus possible de supporter seuls les co\u00fbts, et encore moins de financer la r\u00e9novation et la r\u00e9habilitation.<\/p>\n\n<p><\/p>\n","protected":false},"excerpt":{"rendered":"<p>\u00ab\u00a0Personne n&rsquo;est jamais devenu pauvre en donnant. &#8211; Anne Frank Avec votre aide, votre c\u0153ur et votre d\u00e9vouement, nous serons en mesure de fournir des soins encore meilleurs \u00e0 nos patients. Pourquoi avons-nous tant besoin d&rsquo;une aide ext\u00e9rieure ? En raison de l&rsquo;\u00e9norme inflation de plus de 95 % de la monnaie nationale par rapport [&hellip;]<\/p>\n","protected":false},"author":1,"featured_media":0,"parent":0,"menu_order":0,"comment_status":"closed","ping_status":"closed","template":"","meta":[],"_links":{"self":[{"href":"https:\/\/fundraising-hopital-libanais.com\/fr\/wp-json\/wp\/v2\/pages\/9427"}],"collection":[{"href":"https:\/\/fundraising-hopital-libanais.com\/fr\/wp-json\/wp\/v2\/pages"}],"about":[{"href":"https:\/\/fundraising-hopital-libanais.com\/fr\/wp-json\/wp\/v2\/types\/page"}],"author":[{"embeddable":true,"href":"https:\/\/fundraising-hopital-libanais.com\/fr\/wp-json\/wp\/v2\/users\/1"}],"replies":[{"embeddable":true,"href":"https:\/\/fundraising-hopital-libanais.com\/fr\/wp-json\/wp\/v2\/comments?post=9427"}],"version-history":[{"count":0,"href":"https:\/\/fundraising-hopital-libanais.com\/fr\/wp-json\/wp\/v2\/pages\/9427\/revisions"}],"wp:attachment":[{"href":"https:\/\/fundraising-hopital-libanais.com\/fr\/wp-json\/wp\/v2\/media?parent=9427"}],"curies":[{"name":"wp","href":"https:\/\/api.w.org\/{rel}","templated":true}]}}