{"id":9373,"date":"2023-06-09T22:37:11","date_gmt":"2023-06-09T22:37:11","guid":{"rendered":"https:\/\/fundraising-hopital-libanais.com\/testwebsite\/hemodialysis\/"},"modified":"2023-07-21T18:46:07","modified_gmt":"2023-07-21T18:46:07","slug":"hemodialysis","status":"publish","type":"page","link":"https:\/\/fundraising-hopital-libanais.com\/fr\/hemodialysis\/","title":{"rendered":"H\u00e9modialyse"},"content":{"rendered":"\n<figure class=\"wp-block-gallery alignwide has-nested-images columns-default is-cropped wp-block-gallery-1 is-layout-flex\">\n<figure class=\"wp-block-image size-large\"><img decoding=\"async\" loading=\"lazy\" width=\"1024\" height=\"576\" data-id=\"10023\"  src=\"https:\/\/fundraising-hopital-libanais.com\/testwebsite\/wp-content\/uploads\/2023\/07\/q1-1024x576.jpg\" alt=\"\" class=\"wp-image-10023\" srcset=\"https:\/\/fundraising-hopital-libanais.com\/wp-content\/uploads\/2023\/07\/q1-1024x576.jpg 1024w, https:\/\/fundraising-hopital-libanais.com\/wp-content\/uploads\/2023\/07\/q1-300x169.jpg 300w, https:\/\/fundraising-hopital-libanais.com\/wp-content\/uploads\/2023\/07\/q1-768x432.jpg 768w, https:\/\/fundraising-hopital-libanais.com\/wp-content\/uploads\/2023\/07\/q1-600x338.jpg 600w, https:\/\/fundraising-hopital-libanais.com\/wp-content\/uploads\/2023\/07\/q1.jpg 1280w\" sizes=\"(max-width: 1024px) 100vw, 1024px\" \/><\/figure>\n\n\n\n<figure class=\"wp-block-image size-large\"><img decoding=\"async\" loading=\"lazy\" width=\"1024\" height=\"576\" data-id=\"10029\"  src=\"https:\/\/fundraising-hopital-libanais.com\/testwebsite\/wp-content\/uploads\/2023\/07\/q3-1024x576.jpg\" alt=\"\" class=\"wp-image-10029\" srcset=\"https:\/\/fundraising-hopital-libanais.com\/wp-content\/uploads\/2023\/07\/q3-1024x576.jpg 1024w, https:\/\/fundraising-hopital-libanais.com\/wp-content\/uploads\/2023\/07\/q3-300x169.jpg 300w, https:\/\/fundraising-hopital-libanais.com\/wp-content\/uploads\/2023\/07\/q3-768x432.jpg 768w, https:\/\/fundraising-hopital-libanais.com\/wp-content\/uploads\/2023\/07\/q3-600x338.jpg 600w, https:\/\/fundraising-hopital-libanais.com\/wp-content\/uploads\/2023\/07\/q3.jpg 1280w\" sizes=\"(max-width: 1024px) 100vw, 1024px\" \/><\/figure>\n\n\n\n<figure class=\"wp-block-image size-large\"><img decoding=\"async\" loading=\"lazy\" width=\"1024\" height=\"576\" data-id=\"10026\"  src=\"https:\/\/fundraising-hopital-libanais.com\/testwebsite\/wp-content\/uploads\/2023\/07\/q2-1024x576.jpg\" alt=\"\" class=\"wp-image-10026\" srcset=\"https:\/\/fundraising-hopital-libanais.com\/wp-content\/uploads\/2023\/07\/q2-1024x576.jpg 1024w, https:\/\/fundraising-hopital-libanais.com\/wp-content\/uploads\/2023\/07\/q2-300x169.jpg 300w, https:\/\/fundraising-hopital-libanais.com\/wp-content\/uploads\/2023\/07\/q2-768x432.jpg 768w, https:\/\/fundraising-hopital-libanais.com\/wp-content\/uploads\/2023\/07\/q2-600x338.jpg 600w, https:\/\/fundraising-hopital-libanais.com\/wp-content\/uploads\/2023\/07\/q2.jpg 1280w\" sizes=\"(max-width: 1024px) 100vw, 1024px\" \/><\/figure>\n<\/figure>\n\n\n\n<p><br><\/p>\n\n\n\n<p>Notre h\u00f4pital libanais Geitaoui dispose \u00e9galement de ce qui est actuellement le plus grand centre de dialyse, dirig\u00e9 par le Dr Robert NAJEM, pr\u00e9sident de la Soci\u00e9t\u00e9 arabe de n\u00e9phrologie et de transplantation r\u00e9nale, dans tout Beyrouth. Ouvert en 1969 comme premier centre de dialyse au Liban, il traite plus de 80 patients souffrant d&rsquo;insuffisance r\u00e9nale aigu\u00eb et qui d\u00e9pendent de notre aide chaque mois.<\/p>\n\n\n\n<p>L&rsquo;acc\u00e8s aux soins de sant\u00e9 \u00e9tant fortement limit\u00e9 pour la majorit\u00e9 de la population libanaise et les individus \u00e9tant incapables de payer les factures des h\u00f4pitaux, les patients en dialyse et leurs familles se retrouvent frustr\u00e9s, anxieux, fatigu\u00e9s et inquiets pour leur survie.<\/p>\n\n\n\n<p>Les patients qui d\u00e9pendent d&rsquo;une dialyse permanente sont \u00e9galement tr\u00e8s limit\u00e9s dans leur libert\u00e9 et leur qualit\u00e9 de vie. Elles sont d\u00e9pendantes des soignants et subissent des perturbations importantes dans leur vie professionnelle, conjugale, familiale et sociale. Cela entra\u00eene une r\u00e9duction ou une perte de revenus financiers, avec des cons\u00e9quences physiques, psychologiques, socio-\u00e9conomiques et environnementales, ainsi qu&rsquo;une d\u00e9gradation de la qualit\u00e9 de vie.<\/p>\n\n\n\n<p>\u00c9tant donn\u00e9 que notre h\u00f4pital est encore l&rsquo;un des rares grands h\u00f4pitaux universitaires de Beyrouth qui continue \u00e0 fournir des services de sant\u00e9 \u00e0 ces patients conform\u00e9ment \u00e0 sa mission et \u00e0 ses valeurs, cet engagement a un co\u00fbt insoutenable pour notre h\u00f4pital.<\/p>\n\n\n\n<p>Compte tenu de notre situation financi\u00e8re, de nos ressources limit\u00e9es et sans aucune aide gouvernementale, nous lan\u00e7ons un appel \u00e0 l&rsquo;aide en faveur de ces patients, car notre station de dialyse est vitale pour ces quelque 80 patients. Tant que la situation financi\u00e8re et \u00e9conomique du Liban ne s&rsquo;am\u00e9liore pas, ces patients d\u00e9pendent de votre aide.<\/p>\n\n\n\n<p>Nous esp\u00e9rons et croyons qu&rsquo;avec votre aide, nous pourrons poursuivre notre mission de 54 ans dans le domaine de l&rsquo;h\u00e9modialyse pour les patients libanais.<\/p>\n\n\n\n<p><\/p>\n\n\n\n<p class=\"has-medium-font-size\">\u00ab\u00a0<em>Celui qui ne fait rien pour les autres ne fait rien pour lui-m\u00eame. &#8211; Johann Wolfgang von Goethe<\/em><\/p>\n\n\n\n<p><\/p>\n\n\n\n<figure class=\"wp-block-embed is-type-video is-provider-youtube wp-block-embed-youtube wp-embed-aspect-16-9 wp-has-aspect-ratio\"><div class=\"wp-block-embed__wrapper\">\n<iframe loading=\"lazy\" title=\"H\u00e4modialyse Lebanese Hospital Geitaoui Beirut\" width=\"1170\" height=\"658\" src=\"https:\/\/www.youtube.com\/embed\/jjPsWWQSI2o?feature=oembed\" frameborder=\"0\" allow=\"accelerometer; autoplay; clipboard-write; encrypted-media; gyroscope; picture-in-picture; web-share\" allowfullscreen><\/iframe>\n<\/div><\/figure>\n\n\n\n<p><\/p>\n","protected":false},"excerpt":{"rendered":"<p>Notre h\u00f4pital libanais Geitaoui dispose \u00e9galement de ce qui est actuellement le plus grand centre de dialyse, dirig\u00e9 par le Dr Robert NAJEM, pr\u00e9sident de la Soci\u00e9t\u00e9 arabe de n\u00e9phrologie et de transplantation r\u00e9nale, dans tout Beyrouth. Ouvert en 1969 comme premier centre de dialyse au Liban, il traite plus de 80 patients souffrant d&rsquo;insuffisance [&hellip;]<\/p>\n","protected":false},"author":1,"featured_media":0,"parent":0,"menu_order":0,"comment_status":"closed","ping_status":"closed","template":"","meta":[],"_links":{"self":[{"href":"https:\/\/fundraising-hopital-libanais.com\/fr\/wp-json\/wp\/v2\/pages\/9373"}],"collection":[{"href":"https:\/\/fundraising-hopital-libanais.com\/fr\/wp-json\/wp\/v2\/pages"}],"about":[{"href":"https:\/\/fundraising-hopital-libanais.com\/fr\/wp-json\/wp\/v2\/types\/page"}],"author":[{"embeddable":true,"href":"https:\/\/fundraising-hopital-libanais.com\/fr\/wp-json\/wp\/v2\/users\/1"}],"replies":[{"embeddable":true,"href":"https:\/\/fundraising-hopital-libanais.com\/fr\/wp-json\/wp\/v2\/comments?post=9373"}],"version-history":[{"count":0,"href":"https:\/\/fundraising-hopital-libanais.com\/fr\/wp-json\/wp\/v2\/pages\/9373\/revisions"}],"wp:attachment":[{"href":"https:\/\/fundraising-hopital-libanais.com\/fr\/wp-json\/wp\/v2\/media?parent=9373"}],"curies":[{"name":"wp","href":"https:\/\/api.w.org\/{rel}","templated":true}]}}