{"id":9634,"date":"2023-06-30T12:20:51","date_gmt":"2023-06-30T12:20:51","guid":{"rendered":"https:\/\/fundraising-hopital-libanais.com\/testwebsite\/?page_id=9634"},"modified":"2023-07-21T18:32:26","modified_gmt":"2023-07-21T18:32:26","slug":"unsere-philosophie","status":"publish","type":"page","link":"https:\/\/fundraising-hopital-libanais.com\/de\/","title":{"rendered":"Unsere Philosophie"},"content":{"rendered":"\n<figure class=\"wp-block-gallery alignwide has-nested-images columns-default is-cropped wp-block-gallery-1 is-layout-flex\">\n<figure class=\"wp-block-image size-large\"><img decoding=\"async\" loading=\"lazy\" width=\"1024\" height=\"768\" data-id=\"10030\"  src=\"https:\/\/fundraising-hopital-libanais.com\/testwebsite\/wp-content\/uploads\/2023\/07\/Sister-Hadiar-1024x768.jpg\" alt=\"\" class=\"wp-image-10030\" srcset=\"https:\/\/fundraising-hopital-libanais.com\/wp-content\/uploads\/2023\/07\/Sister-Hadiar-1024x768.jpg 1024w, https:\/\/fundraising-hopital-libanais.com\/wp-content\/uploads\/2023\/07\/Sister-Hadiar-300x225.jpg 300w, https:\/\/fundraising-hopital-libanais.com\/wp-content\/uploads\/2023\/07\/Sister-Hadiar-768x576.jpg 768w, https:\/\/fundraising-hopital-libanais.com\/wp-content\/uploads\/2023\/07\/Sister-Hadiar-600x450.jpg 600w, https:\/\/fundraising-hopital-libanais.com\/wp-content\/uploads\/2023\/07\/Sister-Hadiar.jpg 1280w\" sizes=\"(max-width: 1024px) 100vw, 1024px\" \/><\/figure>\n\n\n\n<figure class=\"wp-block-image size-large\"><img decoding=\"async\" loading=\"lazy\" width=\"1024\" height=\"768\" data-id=\"10018\"  src=\"https:\/\/fundraising-hopital-libanais.com\/testwebsite\/wp-content\/uploads\/2023\/07\/HLG-flag-1024x768.jpg\" alt=\"\" class=\"wp-image-10018\" srcset=\"https:\/\/fundraising-hopital-libanais.com\/wp-content\/uploads\/2023\/07\/HLG-flag-1024x768.jpg 1024w, https:\/\/fundraising-hopital-libanais.com\/wp-content\/uploads\/2023\/07\/HLG-flag-300x225.jpg 300w, https:\/\/fundraising-hopital-libanais.com\/wp-content\/uploads\/2023\/07\/HLG-flag-768x576.jpg 768w, https:\/\/fundraising-hopital-libanais.com\/wp-content\/uploads\/2023\/07\/HLG-flag-600x450.jpg 600w, https:\/\/fundraising-hopital-libanais.com\/wp-content\/uploads\/2023\/07\/HLG-flag.jpg 1280w\" sizes=\"(max-width: 1024px) 100vw, 1024px\" \/><\/figure>\n\n\n\n<figure class=\"wp-block-image size-large\"><img decoding=\"async\" loading=\"lazy\" width=\"1024\" height=\"768\" data-id=\"10015\"  src=\"https:\/\/fundraising-hopital-libanais.com\/testwebsite\/wp-content\/uploads\/2023\/07\/Dr-Yared-1024x768.jpg\" alt=\"\" class=\"wp-image-10015\" srcset=\"https:\/\/fundraising-hopital-libanais.com\/wp-content\/uploads\/2023\/07\/Dr-Yared-1024x768.jpg 1024w, https:\/\/fundraising-hopital-libanais.com\/wp-content\/uploads\/2023\/07\/Dr-Yared-300x225.jpg 300w, https:\/\/fundraising-hopital-libanais.com\/wp-content\/uploads\/2023\/07\/Dr-Yared-768x576.jpg 768w, https:\/\/fundraising-hopital-libanais.com\/wp-content\/uploads\/2023\/07\/Dr-Yared-600x450.jpg 600w, https:\/\/fundraising-hopital-libanais.com\/wp-content\/uploads\/2023\/07\/Dr-Yared.jpg 1280w\" sizes=\"(max-width: 1024px) 100vw, 1024px\" \/><\/figure>\n<\/figure>\n\n\n\n<p><br><br>Das libanesische Krankenhaus Geitaoui-UMC (LHG-UMC), eines der ersten Krankenh\u00e4user im Libanon, wurde 1927 von Abt Youssef Selwan Geitaoui gegr\u00fcndet. Verwaltet wird das Krankenhaus von der Kongretation der maronitischen Schwestern der Heiligen maronitischen Familie, die 1895 von Patriarch Elias El Hoyek gegr\u00fcndet wurde.<\/p>\n\n\n\n<p>Seit 2010 ist das LGH-UMC unter der Leitung von Sister Hadia ABI CHEBLI und Doctor Pierre YARED. Beide f\u00fchren als CEO das Hospital mit dem Fokus auf bestm\u00f6gliche Versorgung der Patienten, immer mit dem Apsekt, dass das Lebanese Hospital Geitaoui, als eine NON-PROFIT-ORGANISATION s\u00e4mtliche Einnahmen ausschlie\u00dflich f\u00fcr die Versorgung der Patienten verwendet. <\/p>\n\n\n\n<p>Das LHG-UMC, als Universit\u00e4tsklinikum mit ca 110 Studenten der Medizin, verf\u00fcgt \u00fcber 250 Betten, darunter 31 Intensivbetten, 8 Operationss\u00e4le, einem Helikopterlandeplatz, zwei Katheterlaboren und eine Notaufnahme, die bis zu 22 Patienten aufnehmen kann.Seit 1992 hat unser Krankenhaus au\u00dferdem das einzige Verbrennungszentrum im Libanon, dass sich um Patienten mit schweren Verbrennungen aus dem ganzen Libanon k\u00fcmmert. Seit den 1960er Jahren geh\u00f6rt das Lebanese Hospital Geitaoui zu den Vorreiter-Krankenh\u00e4usern in ganz Libanon, man kann sagen im ganz mittleren Osten, da es sich schnell medizinische und technologische Innovationen zu eigen macht und eine hohe Versorgungsqualit\u00e4t bietet. Der Standard von Hygiene, Sauberkeit, Einrichtung und Ausbildung des medizinischen Personals entspricht den europ\u00e4ischen Verh\u00e4ltnissen, was im Libanon, man m\u00f6ge sagen, eine totale Ausnahme ist. Mit der Mission jeden Patienten, ohne Unterscheidung von Klasse, Rasse oder Herkunft die bestm\u00f6glichste Behandlung bieten zu k\u00f6nnen, feiert es bald schon sein 100-j\u00e4hriges Jubil\u00e4um.<\/p>\n\n\n\n<p class=\"has-medium-font-size\"><em>&#8222;The only way to do great work is to love what you do.&#8220; &#8211; Steve Jobs<\/em><br><br><\/p>\n","protected":false},"excerpt":{"rendered":"<p>Das libanesische Krankenhaus Geitaoui-UMC (LHG-UMC), eines der ersten Krankenh\u00e4user im Libanon, wurde 1927 von Abt Youssef Selwan Geitaoui gegr\u00fcndet. Verwaltet wird das Krankenhaus von der Kongretation der maronitischen Schwestern der Heiligen maronitischen Familie, die 1895 von Patriarch Elias El Hoyek gegr\u00fcndet wurde. Seit 2010 ist das LGH-UMC unter der Leitung von Sister Hadia ABI CHEBLI [&hellip;]<\/p>\n","protected":false},"author":1,"featured_media":0,"parent":0,"menu_order":0,"comment_status":"closed","ping_status":"closed","template":"","meta":[],"_links":{"self":[{"href":"https:\/\/fundraising-hopital-libanais.com\/de\/wp-json\/wp\/v2\/pages\/9634"}],"collection":[{"href":"https:\/\/fundraising-hopital-libanais.com\/de\/wp-json\/wp\/v2\/pages"}],"about":[{"href":"https:\/\/fundraising-hopital-libanais.com\/de\/wp-json\/wp\/v2\/types\/page"}],"author":[{"embeddable":true,"href":"https:\/\/fundraising-hopital-libanais.com\/de\/wp-json\/wp\/v2\/users\/1"}],"replies":[{"embeddable":true,"href":"https:\/\/fundraising-hopital-libanais.com\/de\/wp-json\/wp\/v2\/comments?post=9634"}],"version-history":[{"count":0,"href":"https:\/\/fundraising-hopital-libanais.com\/de\/wp-json\/wp\/v2\/pages\/9634\/revisions"}],"wp:attachment":[{"href":"https:\/\/fundraising-hopital-libanais.com\/de\/wp-json\/wp\/v2\/media?parent=9634"}],"curies":[{"name":"wp","href":"https:\/\/api.w.org\/{rel}","templated":true}]}}