{"id":9443,"date":"2023-06-09T22:31:50","date_gmt":"2023-06-09T22:31:50","guid":{"rendered":"https:\/\/fundraising-hopital-libanais.com\/testwebsite\/renew\/"},"modified":"2023-07-20T20:40:32","modified_gmt":"2023-07-20T20:40:32","slug":"renew","status":"publish","type":"page","link":"https:\/\/fundraising-hopital-libanais.com\/de\/renew\/","title":{"rendered":"Renovierung"},"content":{"rendered":"\n<figure class=\"wp-block-gallery alignwide has-nested-images columns-default is-cropped wp-block-gallery-1 is-layout-flex\">\n<figure class=\"wp-block-image size-large\"><img decoding=\"async\" loading=\"lazy\" width=\"768\" height=\"1024\" data-id=\"9973\"  src=\"https:\/\/fundraising-hopital-libanais.com\/testwebsite\/wp-content\/uploads\/2023\/07\/pic-1-768x1024.jpg\" alt=\"\" class=\"wp-image-9973\" srcset=\"https:\/\/fundraising-hopital-libanais.com\/wp-content\/uploads\/2023\/07\/pic-1-768x1024.jpg 768w, https:\/\/fundraising-hopital-libanais.com\/wp-content\/uploads\/2023\/07\/pic-1-225x300.jpg 225w, https:\/\/fundraising-hopital-libanais.com\/wp-content\/uploads\/2023\/07\/pic-1-600x800.jpg 600w, https:\/\/fundraising-hopital-libanais.com\/wp-content\/uploads\/2023\/07\/pic-1.jpg 960w\" sizes=\"(max-width: 768px) 100vw, 768px\" \/><\/figure>\n\n\n\n<figure class=\"wp-block-image size-large\"><img decoding=\"async\" loading=\"lazy\" width=\"768\" height=\"1024\" data-id=\"9976\"  src=\"https:\/\/fundraising-hopital-libanais.com\/testwebsite\/wp-content\/uploads\/2023\/07\/pic-2-768x1024.jpg\" alt=\"\" class=\"wp-image-9976\" srcset=\"https:\/\/fundraising-hopital-libanais.com\/wp-content\/uploads\/2023\/07\/pic-2-768x1024.jpg 768w, https:\/\/fundraising-hopital-libanais.com\/wp-content\/uploads\/2023\/07\/pic-2-225x300.jpg 225w, https:\/\/fundraising-hopital-libanais.com\/wp-content\/uploads\/2023\/07\/pic-2-600x800.jpg 600w, https:\/\/fundraising-hopital-libanais.com\/wp-content\/uploads\/2023\/07\/pic-2.jpg 960w\" sizes=\"(max-width: 768px) 100vw, 768px\" \/><\/figure>\n\n\n\n<figure class=\"wp-block-image size-large\"><img decoding=\"async\" loading=\"lazy\" width=\"768\" height=\"1024\" data-id=\"9979\"  src=\"https:\/\/fundraising-hopital-libanais.com\/testwebsite\/wp-content\/uploads\/2023\/07\/pic-3-768x1024.jpg\" alt=\"\" class=\"wp-image-9979\" srcset=\"https:\/\/fundraising-hopital-libanais.com\/wp-content\/uploads\/2023\/07\/pic-3-768x1024.jpg 768w, https:\/\/fundraising-hopital-libanais.com\/wp-content\/uploads\/2023\/07\/pic-3-225x300.jpg 225w, https:\/\/fundraising-hopital-libanais.com\/wp-content\/uploads\/2023\/07\/pic-3-600x800.jpg 600w, https:\/\/fundraising-hopital-libanais.com\/wp-content\/uploads\/2023\/07\/pic-3.jpg 960w\" sizes=\"(max-width: 768px) 100vw, 768px\" \/><\/figure>\n<\/figure>\n\n\n\n<p><br><\/p>\n\n\n\n<p>Bei der Explosion am 04.08.2020 wurde unser Lebanese Hospital Geitaoui stark besch\u00e4digt, es gab eine massive Zerst\u00f6rung unserer Geb\u00e4ude, Ausr\u00fcstung und Infrastruktur.<\/p>\n\n\n\n<p>Die bisherige Sanierung des Krankenhauses, die sich auf einen hohen 8 stelligen Betrag belief, konnte nur durch die gro\u00dfz\u00fcgige Hilfe von Spendern und Freunden erm\u00f6glicht werden, zumal es seit der Insolvenz des Sektors seit Oktober 2019 nicht mehr m\u00f6glich ist, auf Kredite der libanesischen Banken zur\u00fcckzugreifen. Durch diese Spenden konnten wir die dazumals n\u00f6tigsten Renovierungsarbeiten vornehmen.<\/p>\n\n\n\n<p>Um aber jetzt unseren Patienten die bestm\u00f6glichste medizinische Versorgung, sowie auch unseren knapp 110 Studenten der Medizin die optimalste Ausbildung zu erm\u00f6glichen, ist es von sehr hoher Wichtigkeit und Dringlichkeit die Fachabteilungen Onkologie, P\u00e4diatrie, Entbindungsstation und die Intensivstation f\u00fcr Neugeborene unseres Hospitals zu renovieren und schnellstens wieder er\u00f6ffnen zu k\u00f6nnen. Es versteht sich von selbst, dass diese Abteilungen f\u00fcr die Krankenhausgemeinschaft und f\u00fcr eine gro\u00dfe Gruppe betroffener Patienten von gro\u00dfer Bedeutung sind und dass die Pr\u00e4senz dieser Abteilungen ein wesentlicher Bestandteil der Bereitstellung einer umfassenden und ganzheitlichen patientenzentrierten Versorgung ist.<\/p>\n\n\n\n<p>Im Hinblick auf unsere Medizinstudenten muss man erkl\u00e4ren, dass die Renovierung und Rehabilitierung der momentan geschlosssenen Fachbereiche unabdingbar ist. Nur so k\u00f6nnen wir daf\u00fcr sorgen, dass unsere Studenten optimal ausgebildet werden, und nach ihrem Studium das Land nicht verlassen, sondern weiterhin daf\u00fcr sorgen k\u00f6nnen, den Libanon mit einer ausgezeichneten medizinischen Versorgung zu unterst\u00fctzen. Der Fokus des Hospitals Geitaoui liegt auf gut ausgebildeten und unterrichteten \u00c4rzten, was f\u00fcr den Libanon eine enorme Bereicherung darstellt, denn er verzeichnet einen sehr hohen Fachkr\u00e4ftemangel, haupts\u00e4chlich im Bereich Medizin\/Gesundheit\/Pflege. Nur so kann man daf\u00fcr sorgen, dass die Infrastruktur und Entwicklung dieses Landes die M\u00f6glichkeit haben sich zu stabilisieren.<\/p>\n\n\n\n<p class=\"has-medium-font-size\"><em>&#8222;Tell me and i will forget. Show me and I may remember. Involve me and I will understand.&#8220; &#8211; Konfuzius<\/em><br><br><\/p>\n","protected":false},"excerpt":{"rendered":"<p>Bei der Explosion am 04.08.2020 wurde unser Lebanese Hospital Geitaoui stark besch\u00e4digt, es gab eine massive Zerst\u00f6rung unserer Geb\u00e4ude, Ausr\u00fcstung und Infrastruktur. Die bisherige Sanierung des Krankenhauses, die sich auf einen hohen 8 stelligen Betrag belief, konnte nur durch die gro\u00dfz\u00fcgige Hilfe von Spendern und Freunden erm\u00f6glicht werden, zumal es seit der Insolvenz des Sektors [&hellip;]<\/p>\n","protected":false},"author":1,"featured_media":0,"parent":0,"menu_order":0,"comment_status":"closed","ping_status":"closed","template":"","meta":[],"_links":{"self":[{"href":"https:\/\/fundraising-hopital-libanais.com\/de\/wp-json\/wp\/v2\/pages\/9443"}],"collection":[{"href":"https:\/\/fundraising-hopital-libanais.com\/de\/wp-json\/wp\/v2\/pages"}],"about":[{"href":"https:\/\/fundraising-hopital-libanais.com\/de\/wp-json\/wp\/v2\/types\/page"}],"author":[{"embeddable":true,"href":"https:\/\/fundraising-hopital-libanais.com\/de\/wp-json\/wp\/v2\/users\/1"}],"replies":[{"embeddable":true,"href":"https:\/\/fundraising-hopital-libanais.com\/de\/wp-json\/wp\/v2\/comments?post=9443"}],"version-history":[{"count":0,"href":"https:\/\/fundraising-hopital-libanais.com\/de\/wp-json\/wp\/v2\/pages\/9443\/revisions"}],"wp:attachment":[{"href":"https:\/\/fundraising-hopital-libanais.com\/de\/wp-json\/wp\/v2\/media?parent=9443"}],"curies":[{"name":"wp","href":"https:\/\/api.w.org\/{rel}","templated":true}]}}