{"id":9440,"date":"2023-06-09T22:30:50","date_gmt":"2023-06-09T22:30:50","guid":{"rendered":"https:\/\/fundraising-hopital-libanais.com\/testwebsite\/rehabilitation\/"},"modified":"2023-07-01T12:06:45","modified_gmt":"2023-07-01T12:06:45","slug":"rehabilitation","status":"publish","type":"page","link":"https:\/\/fundraising-hopital-libanais.com\/de\/rehabilitation\/","title":{"rendered":"Rehabilitation"},"content":{"rendered":"\n<p class=\"has-medium-font-size\"><em>&#8222;Wir sind nicht nur f\u00fcr unser Tun verantwortlich, sondern auch f\u00fcr das, was wir nicht tun!&#8220;<\/em><\/p>\n\n\n\n<p><\/p>\n\n\n\n<p>Der Austausch \u00e4lterer medizinischer Ger\u00e4te und die Beschaffung von neuem Equipment ist ein gro\u00dfer Teil der Rehabilitation unseres Hospitals. Durch diesen Austausch ist uns erstens, eine bessere und schnellere Versorgung unserer Patienten garantiert, und zweitens ist es uns dadurch m\u00f6glich die so dringend ben\u00f6tigten Fachbereiche, wie die Onkologie, die P\u00e4diatrie, die Entbindungsstation und die Intensivstation f\u00fcr Neugeborene er\u00f6ffnen zu k\u00f6nnen.<\/p>\n\n\n\n<p>Auch k\u00f6nnen wir uns, durch den Austausch der medizinischen Ger\u00e4te eine enorme Summe an Erhaltungs-, sowie Stromkosten sparen, und somit wieder mehr Patienten die medizinische Hilfe und Versorgung erm\u00f6glichen, die sie so dringend brauchen.<\/p>\n\n\n\n<p>Der wichtigste Aspekt der Rehabilitation des medizinischen Equipments liegt im Austausch des alten MRT Ger\u00e4ts in ein neues 3T-MRT Ger\u00e4t.<\/p>\n\n\n\n<p>Unser 2012 installiertes MRT ist ein \u00e4u\u00dferst wichtiges Ger\u00e4t f\u00fcr unsere Diagnoseanforderungen in der medizinischen Bildgebungsabteilung und weist derzeit eine enorm hohe Ausfallrate auf, die jedes Jahr weiter zunimmt. Der Ersatz war urspr\u00fcnglich schon f\u00fcr 2019 geplant, wurde aber jedoch aufgrund der Krise bisher immer wieder verschoben. Derzeit verursacht diese Maschine erhebliche und zunehmende Wartungskosten, einerseits aufgrund der hohen Kosten f\u00fcr Ersatzteile und der h\u00e4ufigen Ausf\u00e4lle, andererseits aber auch aufgrund seines erheblichen Wartungsaufwands.<\/p>\n\n\n\n<p>Ausfallzeiten des Ger\u00e4ts, die zu hohen Opportunit\u00e4tskosten f\u00fcr das Krankenhaus und zu einem Nachteil in der Qualit\u00e4t der Patientenversorgung f\u00fchren, da die MRT Auslastungsrate in normalen Zeiten mehr als 95 % betr\u00e4gt. Auch muss beachtet werden, dass die Ausr\u00fcstung durch die Explosion erheblich beeintr\u00e4chtigt wurde und umfangreiche Reparaturen durchlaufen musste, um wieder in Betrieb genommen zu werden. Der Austausch dieses Ger\u00e4ts ist daher zu einer Priorit\u00e4t des Krankenhauses geworden, da es sowohl die Diagnoseleistung verbessern, als auch die betrieblichen Wartungskosten senken und die M\u00f6glichkeit neuer Eingriffsarten erheblich er\u00f6ffnen wird. Diejenigen, die uns dies erm\u00f6glichen werden, haben einen erheblichen Einfluss auf das Leben unserer Patienten.<\/p>\n\n\n\n<p><\/p>\n\n\n\n<p><\/p>\n\n\n\n<p><\/p>\n\n\n\n<p><\/p>\n","protected":false},"excerpt":{"rendered":"<p>&#8222;Wir sind nicht nur f\u00fcr unser Tun verantwortlich, sondern auch f\u00fcr das, was wir nicht tun!&#8220; Der Austausch \u00e4lterer medizinischer Ger\u00e4te und die Beschaffung von neuem Equipment ist ein gro\u00dfer Teil der Rehabilitation unseres Hospitals. Durch diesen Austausch ist uns erstens, eine bessere und schnellere Versorgung unserer Patienten garantiert, und zweitens ist es uns dadurch [&hellip;]<\/p>\n","protected":false},"author":1,"featured_media":0,"parent":0,"menu_order":0,"comment_status":"closed","ping_status":"closed","template":"","meta":[],"_links":{"self":[{"href":"https:\/\/fundraising-hopital-libanais.com\/de\/wp-json\/wp\/v2\/pages\/9440"}],"collection":[{"href":"https:\/\/fundraising-hopital-libanais.com\/de\/wp-json\/wp\/v2\/pages"}],"about":[{"href":"https:\/\/fundraising-hopital-libanais.com\/de\/wp-json\/wp\/v2\/types\/page"}],"author":[{"embeddable":true,"href":"https:\/\/fundraising-hopital-libanais.com\/de\/wp-json\/wp\/v2\/users\/1"}],"replies":[{"embeddable":true,"href":"https:\/\/fundraising-hopital-libanais.com\/de\/wp-json\/wp\/v2\/comments?post=9440"}],"version-history":[{"count":0,"href":"https:\/\/fundraising-hopital-libanais.com\/de\/wp-json\/wp\/v2\/pages\/9440\/revisions"}],"wp:attachment":[{"href":"https:\/\/fundraising-hopital-libanais.com\/de\/wp-json\/wp\/v2\/media?parent=9440"}],"curies":[{"name":"wp","href":"https:\/\/api.w.org\/{rel}","templated":true}]}}