{"id":9428,"date":"2023-06-09T22:11:49","date_gmt":"2023-06-09T22:11:49","guid":{"rendered":"https:\/\/fundraising-hopital-libanais.com\/help\/"},"modified":"2023-07-21T18:10:38","modified_gmt":"2023-07-21T18:10:38","slug":"help","status":"publish","type":"page","link":"https:\/\/fundraising-hopital-libanais.com\/de\/help\/","title":{"rendered":"Hilfe"},"content":{"rendered":"\n<p class=\"has-medium-font-size\"><\/p>\n\n\n\n<figure class=\"wp-block-gallery alignwide has-nested-images columns-default is-cropped wp-block-gallery-1 is-layout-flex\">\n<figure class=\"wp-block-image size-large\"><img decoding=\"async\" loading=\"lazy\" width=\"720\" height=\"540\" data-id=\"9909\"  src=\"https:\/\/fundraising-hopital-libanais.com\/wp-content\/uploads\/2023\/07\/blast2.jpg\" alt=\"\" class=\"wp-image-9909\" srcset=\"https:\/\/fundraising-hopital-libanais.com\/wp-content\/uploads\/2023\/07\/blast2.jpg 720w, https:\/\/fundraising-hopital-libanais.com\/wp-content\/uploads\/2023\/07\/blast2-300x225.jpg 300w, https:\/\/fundraising-hopital-libanais.com\/wp-content\/uploads\/2023\/07\/blast2-600x450.jpg 600w\" sizes=\"(max-width: 720px) 100vw, 720px\" \/><\/figure>\n\n\n\n<figure class=\"wp-block-image size-large\"><img decoding=\"async\" loading=\"lazy\" width=\"1023\" height=\"768\" data-id=\"9912\"  src=\"https:\/\/fundraising-hopital-libanais.com\/wp-content\/uploads\/2023\/07\/blast3.jpg\" alt=\"\" class=\"wp-image-9912\" srcset=\"https:\/\/fundraising-hopital-libanais.com\/wp-content\/uploads\/2023\/07\/blast3.jpg 1023w, https:\/\/fundraising-hopital-libanais.com\/wp-content\/uploads\/2023\/07\/blast3-300x225.jpg 300w, https:\/\/fundraising-hopital-libanais.com\/wp-content\/uploads\/2023\/07\/blast3-768x577.jpg 768w, https:\/\/fundraising-hopital-libanais.com\/wp-content\/uploads\/2023\/07\/blast3-600x450.jpg 600w\" sizes=\"(max-width: 1023px) 100vw, 1023px\" \/><\/figure>\n\n\n\n<figure class=\"wp-block-image size-large\"><img decoding=\"async\" loading=\"lazy\" width=\"720\" height=\"540\" data-id=\"9906\"  src=\"https:\/\/fundraising-hopital-libanais.com\/wp-content\/uploads\/2023\/07\/blast1.jpg\" alt=\"\" class=\"wp-image-9906\" srcset=\"https:\/\/fundraising-hopital-libanais.com\/wp-content\/uploads\/2023\/07\/blast1.jpg 720w, https:\/\/fundraising-hopital-libanais.com\/wp-content\/uploads\/2023\/07\/blast1-300x225.jpg 300w, https:\/\/fundraising-hopital-libanais.com\/wp-content\/uploads\/2023\/07\/blast1-600x450.jpg 600w\" sizes=\"(max-width: 720px) 100vw, 720px\" \/><\/figure>\n<\/figure>\n\n\n\n<p class=\"has-medium-font-size\"><br><em>&#8222;No one has ever become poor from giving.&#8220; &#8211; Anne Frank<\/em><\/p>\n\n\n\n<p>Durch Ihre Hilfe, Ihr Herz und Ihren Einsatz, wird es uns m\u00f6glich sein, eine noch bessere Versorgung f\u00fcr unsere Patienten zu gew\u00e4hrleisten.<\/p>\n\n\n\n<p>Wieso brauchen wir so dringend Hilfe von au\u00dfen?<\/p>\n\n\n\n<p>Aufgrund der riesigen Inflation von mehr als 95 % der nationalen W\u00e4hrung gegen\u00fcber dem Dollar, ist das komplette System Libanons sehr stark geschw\u00e4cht und etliche Institutionen zerst\u00f6rt. Die Sicherung der Grundbed\u00fcrfnisse der gesamten Bev\u00f6lkerung wie Lebensmittel, das Gesundheitswesen, Benzin, die \u00f6ffentliche und allgemeine Sicherheit und die Verf\u00fcgbarkeit der Arbeitsstellen, wurden allesamt sehr stark im negativen beeintr\u00e4chtigt.<br><br><\/p>\n\n\n\n<figure class=\"wp-block-video\"><video controls src=\"https:\/\/fundraising-hopital-libanais.com\/wp-content\/uploads\/2023\/07\/video.mp4\"><\/video><\/figure>\n\n\n\n<p><br>Infolgedessen sind seither die \u00f6ffentlichen Drittzahler nicht mehr in der Lage, den Krankenh\u00e4usern die Gesundheitskosten zu erstatten, was der Mehrheit der libanesischen Bev\u00f6lkerung den Zugang zur medizinischen Versorgung verwehrt. Dieser Mangel an Zug\u00e4nglichkeit, zieht traurigerweise eine Vielzahl von Verweigerungen einer Krankenhauseinweisung, trotz \u00e4rztlichem Rat, mit sich.<\/p>\n\n\n\n<p>Diese wirtschaftliche Situation hat dazu gef\u00fchrt, dass einige Krankenh\u00e4user ihre T\u00fcren schlie\u00dfen und andere die Aufnahme von Patienten verweigern.<\/p>\n\n\n\n<p>In diesem ganzen Elend versuchen wir, das LHG-UMC trotz all der Herausforderungen immer noch, die T\u00fcren f\u00fcr alle Patienten, jeglicher Herkunft offen zu halten. Aus diesem Grund wird eine zunehmende Anzahl von Patienten, die von \u00f6ffentlichen Kostentr\u00e4gern abgedeckt werden, zur Diagnostik und klinischen Behandlung an unser Krankenhaus weitergeleitet.<\/p>\n\n\n\n<p>Hinzu kommen die Kosten f\u00fcr Medikamente und Verbrauchsmaterialien, die aufgrund der Hyperinflation und der Einstellung staatlicher Subventionen gestiegen sind. Heute befindet sich unser Hospital in einer kritischen Situation: einerseits hat der Gro\u00dfteil der zu station\u00e4r behandelnden Patienten, die fr\u00fcher von \u00f6ffentlichen Kostentr\u00e4gern gedeckt wurden aufgrund der Krise keinen Zugang mehr zur Pflege, andererseits haben private Drittzahler ihre Hilfe um die H\u00e4lfte des Wertes als noch vor einem Jahr gesenkt. All dies bedeutet f\u00fcr das Krankenhaus geringere Einnahmen, und das in einer finanziellen Situation, die sich mit der fortschreitenden Abwertung der lokalen W\u00e4hrung immer weiter verschlechtert. Dies wirkt sich nat\u00fcrlich auf unsere F\u00e4higkeit aus, unsere Projekte \u00fcber die Betriebskosten hinaus zu finanzieren. Was die politische und wirtschaftliche Situation betrifft, k\u00f6nnen wir das Licht am Ende des Tunnels noch nicht sehen. Der Libanon befindet sich in einer politischen Sackgasse: keine Regierung, seit einiger Zeit keine Pr\u00e4sidentschaft, finanzielle Probleme der \u00f6ffentlichen Institutionen und der Infrastruktur des Staates.<\/p>\n\n\n\n<p>In dieser Situation und unter diesen Umst\u00e4nden ist es uns alleine nicht mehr m\u00f6glich, die Kosten zu tragen, geschweige f\u00fcr die Renovierung und Rehabilitation aufzukommen. <\/p>\n\n\n\n<p><\/p>\n\n\n\n<p><\/p>\n","protected":false},"excerpt":{"rendered":"<p>&#8222;No one has ever become poor from giving.&#8220; &#8211; Anne Frank Durch Ihre Hilfe, Ihr Herz und Ihren Einsatz, wird es uns m\u00f6glich sein, eine noch bessere Versorgung f\u00fcr unsere Patienten zu gew\u00e4hrleisten. Wieso brauchen wir so dringend Hilfe von au\u00dfen? Aufgrund der riesigen Inflation von mehr als 95 % der nationalen W\u00e4hrung gegen\u00fcber dem [&hellip;]<\/p>\n","protected":false},"author":1,"featured_media":0,"parent":0,"menu_order":0,"comment_status":"closed","ping_status":"closed","template":"","meta":[],"_links":{"self":[{"href":"https:\/\/fundraising-hopital-libanais.com\/de\/wp-json\/wp\/v2\/pages\/9428"}],"collection":[{"href":"https:\/\/fundraising-hopital-libanais.com\/de\/wp-json\/wp\/v2\/pages"}],"about":[{"href":"https:\/\/fundraising-hopital-libanais.com\/de\/wp-json\/wp\/v2\/types\/page"}],"author":[{"embeddable":true,"href":"https:\/\/fundraising-hopital-libanais.com\/de\/wp-json\/wp\/v2\/users\/1"}],"replies":[{"embeddable":true,"href":"https:\/\/fundraising-hopital-libanais.com\/de\/wp-json\/wp\/v2\/comments?post=9428"}],"version-history":[{"count":0,"href":"https:\/\/fundraising-hopital-libanais.com\/de\/wp-json\/wp\/v2\/pages\/9428\/revisions"}],"wp:attachment":[{"href":"https:\/\/fundraising-hopital-libanais.com\/de\/wp-json\/wp\/v2\/media?parent=9428"}],"curies":[{"name":"wp","href":"https:\/\/api.w.org\/{rel}","templated":true}]}}