{"id":9374,"date":"2023-06-09T22:37:11","date_gmt":"2023-06-09T22:37:11","guid":{"rendered":"https:\/\/fundraising-hopital-libanais.com\/testwebsite\/hemodialysis\/"},"modified":"2023-07-21T18:39:41","modified_gmt":"2023-07-21T18:39:41","slug":"hemodialysis","status":"publish","type":"page","link":"https:\/\/fundraising-hopital-libanais.com\/de\/hemodialysis\/","title":{"rendered":"H\u00e4modialyse"},"content":{"rendered":"\n<figure class=\"wp-block-gallery alignwide has-nested-images columns-default is-cropped wp-block-gallery-1 is-layout-flex\">\n<figure class=\"wp-block-image size-large\"><img decoding=\"async\" loading=\"lazy\" width=\"1024\" height=\"576\" data-id=\"10023\"  src=\"https:\/\/fundraising-hopital-libanais.com\/testwebsite\/wp-content\/uploads\/2023\/07\/q1-1024x576.jpg\" alt=\"\" class=\"wp-image-10023\" srcset=\"https:\/\/fundraising-hopital-libanais.com\/wp-content\/uploads\/2023\/07\/q1-1024x576.jpg 1024w, https:\/\/fundraising-hopital-libanais.com\/wp-content\/uploads\/2023\/07\/q1-300x169.jpg 300w, https:\/\/fundraising-hopital-libanais.com\/wp-content\/uploads\/2023\/07\/q1-768x432.jpg 768w, https:\/\/fundraising-hopital-libanais.com\/wp-content\/uploads\/2023\/07\/q1-600x338.jpg 600w, https:\/\/fundraising-hopital-libanais.com\/wp-content\/uploads\/2023\/07\/q1.jpg 1280w\" sizes=\"(max-width: 1024px) 100vw, 1024px\" \/><\/figure>\n\n\n\n<figure class=\"wp-block-image size-large\"><img decoding=\"async\" loading=\"lazy\" width=\"1024\" height=\"576\" data-id=\"10029\"  src=\"https:\/\/fundraising-hopital-libanais.com\/testwebsite\/wp-content\/uploads\/2023\/07\/q3-1024x576.jpg\" alt=\"\" class=\"wp-image-10029\" srcset=\"https:\/\/fundraising-hopital-libanais.com\/wp-content\/uploads\/2023\/07\/q3-1024x576.jpg 1024w, https:\/\/fundraising-hopital-libanais.com\/wp-content\/uploads\/2023\/07\/q3-300x169.jpg 300w, https:\/\/fundraising-hopital-libanais.com\/wp-content\/uploads\/2023\/07\/q3-768x432.jpg 768w, https:\/\/fundraising-hopital-libanais.com\/wp-content\/uploads\/2023\/07\/q3-600x338.jpg 600w, https:\/\/fundraising-hopital-libanais.com\/wp-content\/uploads\/2023\/07\/q3.jpg 1280w\" sizes=\"(max-width: 1024px) 100vw, 1024px\" \/><\/figure>\n\n\n\n<figure class=\"wp-block-image size-large\"><img decoding=\"async\" loading=\"lazy\" width=\"1024\" height=\"576\" data-id=\"10026\"  src=\"https:\/\/fundraising-hopital-libanais.com\/testwebsite\/wp-content\/uploads\/2023\/07\/q2-1024x576.jpg\" alt=\"\" class=\"wp-image-10026\" srcset=\"https:\/\/fundraising-hopital-libanais.com\/wp-content\/uploads\/2023\/07\/q2-1024x576.jpg 1024w, https:\/\/fundraising-hopital-libanais.com\/wp-content\/uploads\/2023\/07\/q2-300x169.jpg 300w, https:\/\/fundraising-hopital-libanais.com\/wp-content\/uploads\/2023\/07\/q2-768x432.jpg 768w, https:\/\/fundraising-hopital-libanais.com\/wp-content\/uploads\/2023\/07\/q2-600x338.jpg 600w, https:\/\/fundraising-hopital-libanais.com\/wp-content\/uploads\/2023\/07\/q2.jpg 1280w\" sizes=\"(max-width: 1024px) 100vw, 1024px\" \/><\/figure>\n<\/figure>\n\n\n\n<p><br><br>Unser Lebanese Hospital Geitaoui besitzt zudem das derzeit gr\u00f6\u00dfte Dialysezentrum, unter der Leitung von Dr. Robert NAJEM, Pr\u00e4sident der Arabischen Gesellschaft f\u00fcr Nephrologie und Nierentransplantation, in ganz Beirut. Er\u00f6ffnet als erste Dialysestation 1969 im Libanon, versorgt sie mehr als 80 Patienten jeden Monat, die an akutem Nierenversagen leiden, und auf unsere Hilfe angewiesen sind.<\/p>\n\n\n\n<p>Da der Zugang zu medizinischer Versorgung f\u00fcr den Gro\u00dfteil der libanesischen Bev\u00f6lkerung stark eingeschr\u00e4nkt ist, sowie die Privatpersonen nicht in der Lage sind die Krankenhausrechnungen zu erstatten, sind die Dialysepatienten und ihre Familien frustriert, \u00e4ngstlich, m\u00fcde und besorgt um ihr \u00dcberleben.<\/p>\n\n\n\n<p>Patienten die auf eine Dauerdialyse angewiesen sind, sind auch in ihrer Freiheit und ihrer Lebensqualit\u00e4t sehr eingeschr\u00e4nkt. Sie sind abh\u00e4ngig von Betreuern und haben eine gro\u00dfe St\u00f6rung im Berufs-, Ehe-, Familien- und Sozialleben. Dies f\u00fchrt zu einer Verringerung oder zum Verlust des finanziellen Einkommens mit physischen, psychischen, sozio\u00f6konomischen und \u00f6kologischen Folgen sowie einer Beeintr\u00e4chtigung der Lebensqualit\u00e4t.<\/p>\n\n\n\n<p>Da unser Krankenhaus immer noch zu den wenig gro\u00dfen Universit\u00e4tskliniken in Beirut z\u00e4hlt, das im Einklang mit seiner Mission und Werten weiterhin Gesundheitsdienstleistungen f\u00fcr diese Patienten anbietet, ist dieses Engagement mit nicht mehr tragbaren Kosten f\u00fcr unser Hospital verbunden.<\/p>\n\n\n\n<p>Angesichts unserer finanziellen Situation, unserer begrenzten Ressourcen und ohne jegliche staatliche Unterst\u00fctzung rufen wir im Namen dieser Patienten zur Hilfe auf, denn f\u00fcr diese rund 80 Patienten ist unsere Dialysestation lebensnotwendig. Solange sich die finanzielle und wirtschaftliche Situation im Libanon nicht bessert, sind diese Patienten auf Ihre Hilfe angewiesen.<\/p>\n\n\n\n<p>Wir hoffen und glauben, dass wir mit Ihrer Hilfe unsere 54-j\u00e4hrige Mission im Bereich H\u00e4modialyse der libanesischen Patienten fortsetzen k\u00f6nnen.<\/p>\n\n\n\n<p class=\"has-medium-font-size\"><em>&#8222;Wer nichts f\u00fcr andere tut, tut nichts f\u00fcr sich.&#8220; &#8211; Johann Wolfgang von Gothe<\/em><\/p>\n\n\n\n<p><\/p>\n\n\n\n<p><\/p>\n\n\n\n<figure class=\"wp-block-embed is-type-video is-provider-youtube wp-block-embed-youtube wp-embed-aspect-16-9 wp-has-aspect-ratio\"><div class=\"wp-block-embed__wrapper\">\n<iframe loading=\"lazy\" title=\"H\u00e4modialyse Lebanese Hospital Geitaoui Beirut\" width=\"1170\" height=\"658\" src=\"https:\/\/www.youtube.com\/embed\/jjPsWWQSI2o?feature=oembed\" frameborder=\"0\" allow=\"accelerometer; autoplay; clipboard-write; encrypted-media; gyroscope; picture-in-picture; web-share\" allowfullscreen><\/iframe>\n<\/div><\/figure>\n","protected":false},"excerpt":{"rendered":"<p>Unser Lebanese Hospital Geitaoui besitzt zudem das derzeit gr\u00f6\u00dfte Dialysezentrum, unter der Leitung von Dr. Robert NAJEM, Pr\u00e4sident der Arabischen Gesellschaft f\u00fcr Nephrologie und Nierentransplantation, in ganz Beirut. Er\u00f6ffnet als erste Dialysestation 1969 im Libanon, versorgt sie mehr als 80 Patienten jeden Monat, die an akutem Nierenversagen leiden, und auf unsere Hilfe angewiesen sind. Da [&hellip;]<\/p>\n","protected":false},"author":1,"featured_media":0,"parent":0,"menu_order":0,"comment_status":"closed","ping_status":"closed","template":"","meta":[],"_links":{"self":[{"href":"https:\/\/fundraising-hopital-libanais.com\/de\/wp-json\/wp\/v2\/pages\/9374"}],"collection":[{"href":"https:\/\/fundraising-hopital-libanais.com\/de\/wp-json\/wp\/v2\/pages"}],"about":[{"href":"https:\/\/fundraising-hopital-libanais.com\/de\/wp-json\/wp\/v2\/types\/page"}],"author":[{"embeddable":true,"href":"https:\/\/fundraising-hopital-libanais.com\/de\/wp-json\/wp\/v2\/users\/1"}],"replies":[{"embeddable":true,"href":"https:\/\/fundraising-hopital-libanais.com\/de\/wp-json\/wp\/v2\/comments?post=9374"}],"version-history":[{"count":0,"href":"https:\/\/fundraising-hopital-libanais.com\/de\/wp-json\/wp\/v2\/pages\/9374\/revisions"}],"wp:attachment":[{"href":"https:\/\/fundraising-hopital-libanais.com\/de\/wp-json\/wp\/v2\/media?parent=9374"}],"curies":[{"name":"wp","href":"https:\/\/api.w.org\/{rel}","templated":true}]}}